{"id":2500,"date":"2025-12-06T09:51:38","date_gmt":"2025-12-06T08:51:38","guid":{"rendered":"https:\/\/senik.si\/?post_type=product&#038;p=2500"},"modified":"2026-04-16T16:35:14","modified_gmt":"2026-04-16T14:35:14","slug":"quadra-srednje-visoka-lesena-vaza-iz-orehovega-lesa","status":"publish","type":"product","link":"https:\/\/senik.si\/en\/product\/quadra-srednje-visoka-lesena-vaza-iz-orehovega-lesa\/","title":{"rendered":"Quadra srednje visoka lesena vaza"},"content":{"rendered":"<p><strong>Quadra srednja lesena vaza<\/strong> iz kolekcije <strong>Quadra<\/strong>, nastale v sodelovanju podjetja <strong>Senik<\/strong> in <strong>oblikovalke Jasne \u0160tampfer (Studio Stamp)<\/strong>, zdru\u017euje <strong>stabilnost in presene\u010denje v enem kosu<\/strong>. Njena vi\u0161ina omogo\u010da, da cvetje ali lon\u010dnice ustvarijo <strong>ne\u017een vizualni kontrast z okolico<\/strong>, medtem ko vaza sama postane <strong>estetski poudarek prostora<\/strong>.<\/p>\n<p>Vsaka stranica razkriva edinstveno igro <strong>orehovih linij in tekstur<\/strong>, ki prostoru dodajo <strong>razgiban, a urejen zna\u010daj<\/strong>. Kvadratna oblika deluje kot <strong>okvir<\/strong>, ki ujame lepoto cvetja in poudari njegovo naravno obliko. Zaradi svojih proporcev je popolna za <strong>srednje \u0161opke ali manj\u0161e cvetli\u010dne kompozicije<\/strong>, ki prostor napolnijo z energijo, eleganco in toplino lesa.<\/p>\n<p><strong>Ro\u010dno izdelana v Sloveniji<\/strong>, vaza zdru\u017euje <strong>trajnostno oblikovanje<\/strong> in <strong>buti\u010dno estetiko<\/strong> znamke <strong>Senik<\/strong> \u2013 tam, kjer les pripoveduje svojo zgodbo.<\/p>\n<p>Vsak kos nosi naravno strukturo masivnega lesa. Drobne razpoke, gr\u010de in nepravilnosti so del njegovega zna\u010daja in potrjujejo <strong>unikatnost<\/strong> vsake vaze.<\/p>\n<p>&nbsp;<\/p>\n<p><strong>POMEMBNO: Izdelek ni vodotesen.<\/strong><\/p>","protected":false},"excerpt":{"rendered":"<p><strong>Quadra srednja lesena vaza<\/strong> iz kolekcije <strong>Quadra<\/strong>, nastale v sodelovanju podjetja <strong>Senik<\/strong> in <strong>oblikovalke Jasne \u0160tampfer (Studio Stamp)<\/strong>, zdru\u017euje <strong>stabilnost in presene\u010denje v enem kosu<\/strong>.<\/p>","protected":false},"featured_media":5259,"template":"","meta":{"site-sidebar-layout":"default","site-content-layout":"","ast-site-content-layout":"default","site-content-style":"default","site-sidebar-style":"default","ast-global-header-display":"","ast-banner-title-visibility":"","ast-main-header-display":"","ast-hfb-above-header-display":"","ast-hfb-below-header-display":"","ast-hfb-mobile-header-display":"","site-post-title":"","ast-breadcrumbs-content":"","ast-featured-img":"","footer-sml-layout":"","ast-disable-related-posts":"","theme-transparent-header-meta":"default","adv-header-id-meta":"","stick-header-meta":"default","header-above-stick-meta":"","header-main-stick-meta":"","header-below-stick-meta":"","astra-migrate-meta-layouts":"set","ast-page-background-enabled":"default","ast-page-background-meta":{"desktop":{"background-color":"var(--ast-global-color-4)","background-image":"","background-repeat":"repeat","background-position":"center center","background-size":"auto","background-attachment":"scroll","background-type":"","background-media":"","overlay-type":"","overlay-color":"","overlay-opacity":"","overlay-gradient":""},"tablet":{"background-color":"","background-image":"","background-repeat":"repeat","background-position":"center center","background-size":"auto","background-attachment":"scroll","background-type":"","background-media":"","overlay-type":"","overlay-color":"","overlay-opacity":"","overlay-gradient":""},"mobile":{"background-color":"","background-image":"","background-repeat":"repeat","background-position":"center center","background-size":"auto","background-attachment":"scroll","background-type":"","background-media":"","overlay-type":"","overlay-color":"","overlay-opacity":"","overlay-gradient":""}},"ast-content-background-meta":{"desktop":{"background-color":"var(--ast-global-color-5)","background-image":"","background-repeat":"repeat","background-position":"center center","background-size":"auto","background-attachment":"scroll","background-type":"","background-media":"","overlay-type":"","overlay-color":"","overlay-opacity":"","overlay-gradient":""},"tablet":{"background-color":"var(--ast-global-color-5)","background-image":"","background-repeat":"repeat","background-position":"center center","background-size":"auto","background-attachment":"scroll","background-type":"","background-media":"","overlay-type":"","overlay-color":"","overlay-opacity":"","overlay-gradient":""},"mobile":{"background-color":"var(--ast-global-color-5)","background-image":"","background-repeat":"repeat","background-position":"center center","background-size":"auto","background-attachment":"scroll","background-type":"","background-media":"","overlay-type":"","overlay-color":"","overlay-opacity":"","overlay-gradient":""}}},"product_brand":[],"product_cat":[34,51,38,39],"product_tag":[],"class_list":{"0":"post-2500","1":"product","2":"type-product","3":"status-publish","4":"has-post-thumbnail","6":"product_cat-ambientni-dodatki","7":"product_cat-kolekcija-quadra","8":"product_cat-kolekcije-ambientni-dodatki","9":"product_cat-senik-x-studio-stamp-kolekcije-ambientni-dodatki","10":"product_shipping_class-od-2-do-5kg","11":"desktop-align-left","12":"tablet-align-left","13":"mobile-align-left","14":"ast-product-gallery-layout-vertical-slider","15":"ast-product-tabs-layout-horizontal","16":"ast-qv-on-image","18":"first","19":"instock","20":"shipping-taxable","21":"purchasable","22":"product-type-simple"},"yoast_head":"<!-- This site is optimized with the Yoast SEO plugin v27.4 - https:\/\/yoast.com\/product\/yoast-seo-wordpress\/ -->\n<title>Quadra srednje visoka lesena vaza - SENIK<\/title>\n<meta name=\"description\" content=\"Quadra srednja lesena vaza iz kolekcije Quadra, nastale v sodelovanju podjetja Senik in oblikovalke Jasne \u0160tampfer (Studio Stamp).\" \/>\n<meta name=\"robots\" content=\"index, follow, max-snippet:-1, max-image-preview:large, max-video-preview:-1\" \/>\n<link rel=\"canonical\" href=\"https:\/\/senik.si\/en\/product\/quadra-srednje-visoka-lesena-vaza-iz-orehovega-lesa\/\" \/>\n<meta property=\"og:locale\" content=\"en_US\" \/>\n<meta property=\"og:type\" content=\"article\" \/>\n<meta property=\"og:title\" content=\"Quadra srednje visoka lesena vaza - SENIK\" \/>\n<meta property=\"og:description\" content=\"Quadra srednja lesena vaza iz kolekcije Quadra, nastale v sodelovanju podjetja Senik in oblikovalke Jasne \u0160tampfer (Studio Stamp).\" \/>\n<meta property=\"og:url\" content=\"https:\/\/senik.si\/en\/product\/quadra-srednje-visoka-lesena-vaza-iz-orehovega-lesa\/\" \/>\n<meta property=\"og:site_name\" content=\"SENIK\" \/>\n<meta property=\"article:modified_time\" content=\"2026-04-16T14:35:14+00:00\" \/>\n<meta property=\"og:image\" content=\"https:\/\/senik.si\/wp-content\/uploads\/quadra-srednja-zelenje.jpg\" \/>\n\t<meta property=\"og:image:width\" content=\"864\" \/>\n\t<meta property=\"og:image:height\" content=\"1080\" \/>\n\t<meta property=\"og:image:type\" content=\"image\/jpeg\" \/>\n<meta name=\"twitter:card\" content=\"summary_large_image\" \/>\n<meta name=\"twitter:label1\" content=\"Est. reading time\" \/>\n\t<meta name=\"twitter:data1\" content=\"1 minute\" \/>\n<script type=\"application\/ld+json\" class=\"yoast-schema-graph\">{\"@context\":\"https:\\\/\\\/schema.org\",\"@graph\":[{\"@type\":\"WebPage\",\"@id\":\"https:\\\/\\\/senik.si\\\/izdelek\\\/quadra-srednje-visoka-lesena-vaza-iz-orehovega-lesa\\\/\",\"url\":\"https:\\\/\\\/senik.si\\\/izdelek\\\/quadra-srednje-visoka-lesena-vaza-iz-orehovega-lesa\\\/\",\"name\":\"Quadra srednje visoka lesena vaza - SENIK\",\"isPartOf\":{\"@id\":\"https:\\\/\\\/senik.si\\\/#website\"},\"primaryImageOfPage\":{\"@id\":\"https:\\\/\\\/senik.si\\\/izdelek\\\/quadra-srednje-visoka-lesena-vaza-iz-orehovega-lesa\\\/#primaryimage\"},\"image\":{\"@id\":\"https:\\\/\\\/senik.si\\\/izdelek\\\/quadra-srednje-visoka-lesena-vaza-iz-orehovega-lesa\\\/#primaryimage\"},\"thumbnailUrl\":\"https:\\\/\\\/senik.si\\\/wp-content\\\/uploads\\\/quadra-srednja-zelenje.jpg\",\"datePublished\":\"2025-12-06T08:51:38+00:00\",\"dateModified\":\"2026-04-16T14:35:14+00:00\",\"description\":\"Quadra srednja lesena vaza iz kolekcije Quadra, nastale v sodelovanju podjetja Senik in oblikovalke Jasne \u0160tampfer (Studio Stamp).\",\"breadcrumb\":{\"@id\":\"https:\\\/\\\/senik.si\\\/izdelek\\\/quadra-srednje-visoka-lesena-vaza-iz-orehovega-lesa\\\/#breadcrumb\"},\"inLanguage\":\"en-US\",\"potentialAction\":[{\"@type\":\"ReadAction\",\"target\":[\"https:\\\/\\\/senik.si\\\/izdelek\\\/quadra-srednje-visoka-lesena-vaza-iz-orehovega-lesa\\\/\"]}]},{\"@type\":\"ImageObject\",\"inLanguage\":\"en-US\",\"@id\":\"https:\\\/\\\/senik.si\\\/izdelek\\\/quadra-srednje-visoka-lesena-vaza-iz-orehovega-lesa\\\/#primaryimage\",\"url\":\"https:\\\/\\\/senik.si\\\/wp-content\\\/uploads\\\/quadra-srednja-zelenje.jpg\",\"contentUrl\":\"https:\\\/\\\/senik.si\\\/wp-content\\\/uploads\\\/quadra-srednja-zelenje.jpg\",\"width\":864,\"height\":1080},{\"@type\":\"BreadcrumbList\",\"@id\":\"https:\\\/\\\/senik.si\\\/izdelek\\\/quadra-srednje-visoka-lesena-vaza-iz-orehovega-lesa\\\/#breadcrumb\",\"itemListElement\":[{\"@type\":\"ListItem\",\"position\":1,\"name\":\"Home\",\"item\":\"https:\\\/\\\/senik.si\\\/\"},{\"@type\":\"ListItem\",\"position\":2,\"name\":\"TRGOVINA\",\"item\":\"https:\\\/\\\/senik.si\\\/trgovina\\\/\"},{\"@type\":\"ListItem\",\"position\":3,\"name\":\"Quadra srednje visoka lesena vaza\"}]},{\"@type\":\"WebSite\",\"@id\":\"https:\\\/\\\/senik.si\\\/#website\",\"url\":\"https:\\\/\\\/senik.si\\\/\",\"name\":\"SENIK\",\"description\":\"Eleganca in toplina narave \u2013 ustvarjamo prostore z du\u0161o\",\"publisher\":{\"@id\":\"https:\\\/\\\/senik.si\\\/#organization\"},\"potentialAction\":[{\"@type\":\"SearchAction\",\"target\":{\"@type\":\"EntryPoint\",\"urlTemplate\":\"https:\\\/\\\/senik.si\\\/?s={search_term_string}\"},\"query-input\":{\"@type\":\"PropertyValueSpecification\",\"valueRequired\":true,\"valueName\":\"search_term_string\"}}],\"inLanguage\":\"en-US\"},{\"@type\":\"Organization\",\"@id\":\"https:\\\/\\\/senik.si\\\/#organization\",\"name\":\"SENIK\",\"url\":\"https:\\\/\\\/senik.si\\\/\",\"logo\":{\"@type\":\"ImageObject\",\"inLanguage\":\"en-US\",\"@id\":\"https:\\\/\\\/senik.si\\\/#\\\/schema\\\/logo\\\/image\\\/\",\"url\":\"https:\\\/\\\/senik.si\\\/wp-content\\\/uploads\\\/senik-logo-black.svg\",\"contentUrl\":\"https:\\\/\\\/senik.si\\\/wp-content\\\/uploads\\\/senik-logo-black.svg\",\"caption\":\"SENIK\"},\"image\":{\"@id\":\"https:\\\/\\\/senik.si\\\/#\\\/schema\\\/logo\\\/image\\\/\"}}]}<\/script>\n<!-- \/ Yoast SEO plugin. -->","yoast_head_json":{"title":"Quadra srednje visoka lesena vaza - SENIK","description":"Quadra srednja lesena vaza iz kolekcije Quadra, nastale v sodelovanju podjetja Senik in oblikovalke Jasne \u0160tampfer (Studio Stamp).","robots":{"index":"index","follow":"follow","max-snippet":"max-snippet:-1","max-image-preview":"max-image-preview:large","max-video-preview":"max-video-preview:-1"},"canonical":"https:\/\/senik.si\/en\/product\/quadra-srednje-visoka-lesena-vaza-iz-orehovega-lesa\/","og_locale":"en_US","og_type":"article","og_title":"Quadra srednje visoka lesena vaza - SENIK","og_description":"Quadra srednja lesena vaza iz kolekcije Quadra, nastale v sodelovanju podjetja Senik in oblikovalke Jasne \u0160tampfer (Studio Stamp).","og_url":"https:\/\/senik.si\/en\/product\/quadra-srednje-visoka-lesena-vaza-iz-orehovega-lesa\/","og_site_name":"SENIK","article_modified_time":"2026-04-16T14:35:14+00:00","og_image":[{"width":864,"height":1080,"url":"https:\/\/senik.si\/wp-content\/uploads\/quadra-srednja-zelenje.jpg","type":"image\/jpeg"}],"twitter_card":"summary_large_image","twitter_misc":{"Est. reading time":"1 minute"},"schema":{"@context":"https:\/\/schema.org","@graph":[{"@type":"WebPage","@id":"https:\/\/senik.si\/izdelek\/quadra-srednje-visoka-lesena-vaza-iz-orehovega-lesa\/","url":"https:\/\/senik.si\/izdelek\/quadra-srednje-visoka-lesena-vaza-iz-orehovega-lesa\/","name":"Quadra srednje visoka lesena vaza - SENIK","isPartOf":{"@id":"https:\/\/senik.si\/#website"},"primaryImageOfPage":{"@id":"https:\/\/senik.si\/izdelek\/quadra-srednje-visoka-lesena-vaza-iz-orehovega-lesa\/#primaryimage"},"image":{"@id":"https:\/\/senik.si\/izdelek\/quadra-srednje-visoka-lesena-vaza-iz-orehovega-lesa\/#primaryimage"},"thumbnailUrl":"https:\/\/senik.si\/wp-content\/uploads\/quadra-srednja-zelenje.jpg","datePublished":"2025-12-06T08:51:38+00:00","dateModified":"2026-04-16T14:35:14+00:00","description":"Quadra srednja lesena vaza iz kolekcije Quadra, nastale v sodelovanju podjetja Senik in oblikovalke Jasne \u0160tampfer (Studio Stamp).","breadcrumb":{"@id":"https:\/\/senik.si\/izdelek\/quadra-srednje-visoka-lesena-vaza-iz-orehovega-lesa\/#breadcrumb"},"inLanguage":"en-US","potentialAction":[{"@type":"ReadAction","target":["https:\/\/senik.si\/izdelek\/quadra-srednje-visoka-lesena-vaza-iz-orehovega-lesa\/"]}]},{"@type":"ImageObject","inLanguage":"en-US","@id":"https:\/\/senik.si\/izdelek\/quadra-srednje-visoka-lesena-vaza-iz-orehovega-lesa\/#primaryimage","url":"https:\/\/senik.si\/wp-content\/uploads\/quadra-srednja-zelenje.jpg","contentUrl":"https:\/\/senik.si\/wp-content\/uploads\/quadra-srednja-zelenje.jpg","width":864,"height":1080},{"@type":"BreadcrumbList","@id":"https:\/\/senik.si\/izdelek\/quadra-srednje-visoka-lesena-vaza-iz-orehovega-lesa\/#breadcrumb","itemListElement":[{"@type":"ListItem","position":1,"name":"Home","item":"https:\/\/senik.si\/"},{"@type":"ListItem","position":2,"name":"TRGOVINA","item":"https:\/\/senik.si\/trgovina\/"},{"@type":"ListItem","position":3,"name":"Quadra srednje visoka lesena vaza"}]},{"@type":"WebSite","@id":"https:\/\/senik.si\/#website","url":"https:\/\/senik.si\/","name":"SENIK","description":"Eleganca in toplina narave \u2013 ustvarjamo prostore z du\u0161o","publisher":{"@id":"https:\/\/senik.si\/#organization"},"potentialAction":[{"@type":"SearchAction","target":{"@type":"EntryPoint","urlTemplate":"https:\/\/senik.si\/?s={search_term_string}"},"query-input":{"@type":"PropertyValueSpecification","valueRequired":true,"valueName":"search_term_string"}}],"inLanguage":"en-US"},{"@type":"Organization","@id":"https:\/\/senik.si\/#organization","name":"SENIK","url":"https:\/\/senik.si\/","logo":{"@type":"ImageObject","inLanguage":"en-US","@id":"https:\/\/senik.si\/#\/schema\/logo\/image\/","url":"https:\/\/senik.si\/wp-content\/uploads\/senik-logo-black.svg","contentUrl":"https:\/\/senik.si\/wp-content\/uploads\/senik-logo-black.svg","caption":"SENIK"},"image":{"@id":"https:\/\/senik.si\/#\/schema\/logo\/image\/"}}]}},"_links":{"self":[{"href":"https:\/\/senik.si\/en\/wp-json\/wp\/v2\/product\/2500","targetHints":{"allow":["GET"]}}],"collection":[{"href":"https:\/\/senik.si\/en\/wp-json\/wp\/v2\/product"}],"about":[{"href":"https:\/\/senik.si\/en\/wp-json\/wp\/v2\/types\/product"}],"wp:featuredmedia":[{"embeddable":true,"href":"https:\/\/senik.si\/en\/wp-json\/wp\/v2\/media\/5259"}],"wp:attachment":[{"href":"https:\/\/senik.si\/en\/wp-json\/wp\/v2\/media?parent=2500"}],"wp:term":[{"taxonomy":"product_brand","embeddable":true,"href":"https:\/\/senik.si\/en\/wp-json\/wp\/v2\/product_brand?post=2500"},{"taxonomy":"product_cat","embeddable":true,"href":"https:\/\/senik.si\/en\/wp-json\/wp\/v2\/product_cat?post=2500"},{"taxonomy":"product_tag","embeddable":true,"href":"https:\/\/senik.si\/en\/wp-json\/wp\/v2\/product_tag?post=2500"}],"curies":[{"name":"wp","href":"https:\/\/api.w.org\/{rel}","templated":true}]}}