{"id":2497,"date":"2025-12-06T09:39:35","date_gmt":"2025-12-06T08:39:35","guid":{"rendered":"https:\/\/senik.si\/?post_type=product&#038;p=2497"},"modified":"2026-04-16T16:39:36","modified_gmt":"2026-04-16T14:39:36","slug":"quadra-visoka-lesena-vaza-iz-orehovega-lesa","status":"publish","type":"product","link":"https:\/\/senik.si\/en\/product\/quadra-visoka-lesena-vaza-iz-orehovega-lesa\/","title":{"rendered":"Quadra visoka lesena vaza iz lesa"},"content":{"rendered":"<p><strong>Quadra visoka lesena vaza<\/strong> iz kolekcije <strong>Quadra<\/strong>, ustvarjene v sodelovanju podjetja <strong>Senik<\/strong> in <strong>oblikovalke Jasne \u0160tampfer (Studio Stamp)<\/strong>, je zasnovana kot <strong>osrednji poudarek prostora<\/strong>. Njena vi\u0161ina ujame pogled in omogo\u010da ustvarjanje <strong>izrazitih cvetli\u010dnih kompozicij<\/strong>, ki prostoru dodajo dinamiko in prefinjenost.<\/p>\n<p>Izdelana je iz <strong>masivnega orehovega lesa<\/strong>, katerega <strong>reliefna struktura<\/strong> ustvarja ne\u017eno igro svetlobe in senc. Vsaka stranica razkriva druga\u010den zna\u010daj lesa, kar daje vazi <strong>unikatno prostorsko prisotnost<\/strong> in ob\u010dutek gibanja. Minimalisti\u010dna <strong>kvadratna oblika<\/strong> ohranja \u010distost linij in poudarja <strong>naravno lepoto lesa<\/strong>.<\/p>\n<p>Vaza je idealna za <strong>visoke \u0161opke ali lon\u010dnice<\/strong>, saj prostoru doda vi\u0161ino, toplino in ob\u010dutek uravnote\u017eenosti. <strong>Ro\u010dno izdelana v Sloveniji<\/strong>, zdru\u017euje <strong>trajnostno oblikovanje<\/strong> in <strong>buti\u010dno estetiko<\/strong> znamke <strong>Senik<\/strong> \u2013 tam, kjer narava in umetnost delujeta v harmoniji.<\/p>\n<p>&nbsp;<\/p>\n<p><strong>POMEMBNO: Izdelek ni vodotesen.<\/strong><\/p>","protected":false},"excerpt":{"rendered":"<p><strong>Quadra visoka lesena vaza<\/strong> iz kolekcije <strong>Quadra<\/strong>, ustvarjene v sodelovanju podjetja <strong>Senik<\/strong> in <strong>oblikovalke Jasne \u0160tampfer (Studio Stamp)<\/strong>, je zasnovana kot <strong>osrednji poudarek prostora<\/strong>. Njena vi\u0161ina ujame pogled in omogo\u010da ustvarjanje <strong>izrazitih cvetli\u010dnih kompozicij<\/strong>, ki prostoru dodajo dinamiko in prefinjenost.<\/p>","protected":false},"featured_media":5266,"template":"","meta":{"site-sidebar-layout":"default","site-content-layout":"","ast-site-content-layout":"default","site-content-style":"default","site-sidebar-style":"default","ast-global-header-display":"","ast-banner-title-visibility":"","ast-main-header-display":"","ast-hfb-above-header-display":"","ast-hfb-below-header-display":"","ast-hfb-mobile-header-display":"","site-post-title":"","ast-breadcrumbs-content":"","ast-featured-img":"","footer-sml-layout":"","ast-disable-related-posts":"","theme-transparent-header-meta":"default","adv-header-id-meta":"","stick-header-meta":"default","header-above-stick-meta":"","header-main-stick-meta":"","header-below-stick-meta":"","astra-migrate-meta-layouts":"set","ast-page-background-enabled":"default","ast-page-background-meta":{"desktop":{"background-color":"var(--ast-global-color-4)","background-image":"","background-repeat":"repeat","background-position":"center center","background-size":"auto","background-attachment":"scroll","background-type":"","background-media":"","overlay-type":"","overlay-color":"","overlay-opacity":"","overlay-gradient":""},"tablet":{"background-color":"","background-image":"","background-repeat":"repeat","background-position":"center center","background-size":"auto","background-attachment":"scroll","background-type":"","background-media":"","overlay-type":"","overlay-color":"","overlay-opacity":"","overlay-gradient":""},"mobile":{"background-color":"","background-image":"","background-repeat":"repeat","background-position":"center center","background-size":"auto","background-attachment":"scroll","background-type":"","background-media":"","overlay-type":"","overlay-color":"","overlay-opacity":"","overlay-gradient":""}},"ast-content-background-meta":{"desktop":{"background-color":"var(--ast-global-color-5)","background-image":"","background-repeat":"repeat","background-position":"center center","background-size":"auto","background-attachment":"scroll","background-type":"","background-media":"","overlay-type":"","overlay-color":"","overlay-opacity":"","overlay-gradient":""},"tablet":{"background-color":"var(--ast-global-color-5)","background-image":"","background-repeat":"repeat","background-position":"center center","background-size":"auto","background-attachment":"scroll","background-type":"","background-media":"","overlay-type":"","overlay-color":"","overlay-opacity":"","overlay-gradient":""},"mobile":{"background-color":"var(--ast-global-color-5)","background-image":"","background-repeat":"repeat","background-position":"center center","background-size":"auto","background-attachment":"scroll","background-type":"","background-media":"","overlay-type":"","overlay-color":"","overlay-opacity":"","overlay-gradient":""}}},"product_brand":[],"product_cat":[34,51,38,39],"product_tag":[],"class_list":{"0":"post-2497","1":"product","2":"type-product","3":"status-publish","4":"has-post-thumbnail","6":"product_cat-ambientni-dodatki","7":"product_cat-kolekcija-quadra","8":"product_cat-kolekcije-ambientni-dodatki","9":"product_cat-senik-x-studio-stamp-kolekcije-ambientni-dodatki","10":"product_shipping_class-od-5-do-10kg","11":"desktop-align-left","12":"tablet-align-left","13":"mobile-align-left","14":"ast-product-gallery-layout-vertical-slider","15":"ast-product-tabs-layout-horizontal","16":"ast-qv-on-image","18":"first","19":"instock","20":"shipping-taxable","21":"purchasable","22":"product-type-simple"},"yoast_head":"<!-- This site is optimized with the Yoast SEO plugin v27.4 - https:\/\/yoast.com\/product\/yoast-seo-wordpress\/ -->\n<title>Quadra visoka lesena vaza iz lesa - SENIK<\/title>\n<meta name=\"description\" content=\"Quadra visoka lesena vaza iz kolekcije Quadra, ustvarjene v sodelovanju podjetja Senik in oblikovalke Jasne \u0160tampfer (Studio Stamp).\" \/>\n<meta name=\"robots\" content=\"index, follow, max-snippet:-1, max-image-preview:large, max-video-preview:-1\" \/>\n<link rel=\"canonical\" href=\"https:\/\/senik.si\/en\/product\/quadra-visoka-lesena-vaza-iz-orehovega-lesa\/\" \/>\n<meta property=\"og:locale\" content=\"en_US\" \/>\n<meta property=\"og:type\" content=\"article\" \/>\n<meta property=\"og:title\" content=\"Quadra visoka lesena vaza iz lesa - SENIK\" \/>\n<meta property=\"og:description\" content=\"Quadra visoka lesena vaza iz kolekcije Quadra, ustvarjene v sodelovanju podjetja Senik in oblikovalke Jasne \u0160tampfer (Studio Stamp).\" \/>\n<meta property=\"og:url\" content=\"https:\/\/senik.si\/en\/product\/quadra-visoka-lesena-vaza-iz-orehovega-lesa\/\" \/>\n<meta property=\"og:site_name\" content=\"SENIK\" \/>\n<meta property=\"article:modified_time\" content=\"2026-04-16T14:39:36+00:00\" \/>\n<meta property=\"og:image\" content=\"https:\/\/senik.si\/wp-content\/uploads\/quadra-visoka-zelenje.jpg\" \/>\n\t<meta property=\"og:image:width\" content=\"864\" \/>\n\t<meta property=\"og:image:height\" content=\"1080\" \/>\n\t<meta property=\"og:image:type\" content=\"image\/jpeg\" \/>\n<meta name=\"twitter:card\" content=\"summary_large_image\" \/>\n<meta name=\"twitter:label1\" content=\"Est. reading time\" \/>\n\t<meta name=\"twitter:data1\" content=\"1 minute\" \/>\n<script type=\"application\/ld+json\" class=\"yoast-schema-graph\">{\"@context\":\"https:\\\/\\\/schema.org\",\"@graph\":[{\"@type\":\"WebPage\",\"@id\":\"https:\\\/\\\/senik.si\\\/izdelek\\\/quadra-visoka-lesena-vaza-iz-orehovega-lesa\\\/\",\"url\":\"https:\\\/\\\/senik.si\\\/izdelek\\\/quadra-visoka-lesena-vaza-iz-orehovega-lesa\\\/\",\"name\":\"Quadra visoka lesena vaza iz lesa - SENIK\",\"isPartOf\":{\"@id\":\"https:\\\/\\\/senik.si\\\/#website\"},\"primaryImageOfPage\":{\"@id\":\"https:\\\/\\\/senik.si\\\/izdelek\\\/quadra-visoka-lesena-vaza-iz-orehovega-lesa\\\/#primaryimage\"},\"image\":{\"@id\":\"https:\\\/\\\/senik.si\\\/izdelek\\\/quadra-visoka-lesena-vaza-iz-orehovega-lesa\\\/#primaryimage\"},\"thumbnailUrl\":\"https:\\\/\\\/senik.si\\\/wp-content\\\/uploads\\\/quadra-visoka-zelenje.jpg\",\"datePublished\":\"2025-12-06T08:39:35+00:00\",\"dateModified\":\"2026-04-16T14:39:36+00:00\",\"description\":\"Quadra visoka lesena vaza iz kolekcije Quadra, ustvarjene v sodelovanju podjetja Senik in oblikovalke Jasne \u0160tampfer (Studio Stamp).\",\"breadcrumb\":{\"@id\":\"https:\\\/\\\/senik.si\\\/izdelek\\\/quadra-visoka-lesena-vaza-iz-orehovega-lesa\\\/#breadcrumb\"},\"inLanguage\":\"en-US\",\"potentialAction\":[{\"@type\":\"ReadAction\",\"target\":[\"https:\\\/\\\/senik.si\\\/izdelek\\\/quadra-visoka-lesena-vaza-iz-orehovega-lesa\\\/\"]}]},{\"@type\":\"ImageObject\",\"inLanguage\":\"en-US\",\"@id\":\"https:\\\/\\\/senik.si\\\/izdelek\\\/quadra-visoka-lesena-vaza-iz-orehovega-lesa\\\/#primaryimage\",\"url\":\"https:\\\/\\\/senik.si\\\/wp-content\\\/uploads\\\/quadra-visoka-zelenje.jpg\",\"contentUrl\":\"https:\\\/\\\/senik.si\\\/wp-content\\\/uploads\\\/quadra-visoka-zelenje.jpg\",\"width\":864,\"height\":1080},{\"@type\":\"BreadcrumbList\",\"@id\":\"https:\\\/\\\/senik.si\\\/izdelek\\\/quadra-visoka-lesena-vaza-iz-orehovega-lesa\\\/#breadcrumb\",\"itemListElement\":[{\"@type\":\"ListItem\",\"position\":1,\"name\":\"Home\",\"item\":\"https:\\\/\\\/senik.si\\\/\"},{\"@type\":\"ListItem\",\"position\":2,\"name\":\"TRGOVINA\",\"item\":\"https:\\\/\\\/senik.si\\\/trgovina\\\/\"},{\"@type\":\"ListItem\",\"position\":3,\"name\":\"Quadra visoka lesena vaza iz lesa\"}]},{\"@type\":\"WebSite\",\"@id\":\"https:\\\/\\\/senik.si\\\/#website\",\"url\":\"https:\\\/\\\/senik.si\\\/\",\"name\":\"SENIK\",\"description\":\"Eleganca in toplina narave \u2013 ustvarjamo prostore z du\u0161o\",\"publisher\":{\"@id\":\"https:\\\/\\\/senik.si\\\/#organization\"},\"potentialAction\":[{\"@type\":\"SearchAction\",\"target\":{\"@type\":\"EntryPoint\",\"urlTemplate\":\"https:\\\/\\\/senik.si\\\/?s={search_term_string}\"},\"query-input\":{\"@type\":\"PropertyValueSpecification\",\"valueRequired\":true,\"valueName\":\"search_term_string\"}}],\"inLanguage\":\"en-US\"},{\"@type\":\"Organization\",\"@id\":\"https:\\\/\\\/senik.si\\\/#organization\",\"name\":\"SENIK\",\"url\":\"https:\\\/\\\/senik.si\\\/\",\"logo\":{\"@type\":\"ImageObject\",\"inLanguage\":\"en-US\",\"@id\":\"https:\\\/\\\/senik.si\\\/#\\\/schema\\\/logo\\\/image\\\/\",\"url\":\"https:\\\/\\\/senik.si\\\/wp-content\\\/uploads\\\/senik-logo-black.svg\",\"contentUrl\":\"https:\\\/\\\/senik.si\\\/wp-content\\\/uploads\\\/senik-logo-black.svg\",\"caption\":\"SENIK\"},\"image\":{\"@id\":\"https:\\\/\\\/senik.si\\\/#\\\/schema\\\/logo\\\/image\\\/\"}}]}<\/script>\n<!-- \/ Yoast SEO plugin. -->","yoast_head_json":{"title":"Quadra visoka lesena vaza iz lesa - SENIK","description":"Quadra visoka lesena vaza iz kolekcije Quadra, ustvarjene v sodelovanju podjetja Senik in oblikovalke Jasne \u0160tampfer (Studio Stamp).","robots":{"index":"index","follow":"follow","max-snippet":"max-snippet:-1","max-image-preview":"max-image-preview:large","max-video-preview":"max-video-preview:-1"},"canonical":"https:\/\/senik.si\/en\/product\/quadra-visoka-lesena-vaza-iz-orehovega-lesa\/","og_locale":"en_US","og_type":"article","og_title":"Quadra visoka lesena vaza iz lesa - SENIK","og_description":"Quadra visoka lesena vaza iz kolekcije Quadra, ustvarjene v sodelovanju podjetja Senik in oblikovalke Jasne \u0160tampfer (Studio Stamp).","og_url":"https:\/\/senik.si\/en\/product\/quadra-visoka-lesena-vaza-iz-orehovega-lesa\/","og_site_name":"SENIK","article_modified_time":"2026-04-16T14:39:36+00:00","og_image":[{"width":864,"height":1080,"url":"https:\/\/senik.si\/wp-content\/uploads\/quadra-visoka-zelenje.jpg","type":"image\/jpeg"}],"twitter_card":"summary_large_image","twitter_misc":{"Est. reading time":"1 minute"},"schema":{"@context":"https:\/\/schema.org","@graph":[{"@type":"WebPage","@id":"https:\/\/senik.si\/izdelek\/quadra-visoka-lesena-vaza-iz-orehovega-lesa\/","url":"https:\/\/senik.si\/izdelek\/quadra-visoka-lesena-vaza-iz-orehovega-lesa\/","name":"Quadra visoka lesena vaza iz lesa - SENIK","isPartOf":{"@id":"https:\/\/senik.si\/#website"},"primaryImageOfPage":{"@id":"https:\/\/senik.si\/izdelek\/quadra-visoka-lesena-vaza-iz-orehovega-lesa\/#primaryimage"},"image":{"@id":"https:\/\/senik.si\/izdelek\/quadra-visoka-lesena-vaza-iz-orehovega-lesa\/#primaryimage"},"thumbnailUrl":"https:\/\/senik.si\/wp-content\/uploads\/quadra-visoka-zelenje.jpg","datePublished":"2025-12-06T08:39:35+00:00","dateModified":"2026-04-16T14:39:36+00:00","description":"Quadra visoka lesena vaza iz kolekcije Quadra, ustvarjene v sodelovanju podjetja Senik in oblikovalke Jasne \u0160tampfer (Studio Stamp).","breadcrumb":{"@id":"https:\/\/senik.si\/izdelek\/quadra-visoka-lesena-vaza-iz-orehovega-lesa\/#breadcrumb"},"inLanguage":"en-US","potentialAction":[{"@type":"ReadAction","target":["https:\/\/senik.si\/izdelek\/quadra-visoka-lesena-vaza-iz-orehovega-lesa\/"]}]},{"@type":"ImageObject","inLanguage":"en-US","@id":"https:\/\/senik.si\/izdelek\/quadra-visoka-lesena-vaza-iz-orehovega-lesa\/#primaryimage","url":"https:\/\/senik.si\/wp-content\/uploads\/quadra-visoka-zelenje.jpg","contentUrl":"https:\/\/senik.si\/wp-content\/uploads\/quadra-visoka-zelenje.jpg","width":864,"height":1080},{"@type":"BreadcrumbList","@id":"https:\/\/senik.si\/izdelek\/quadra-visoka-lesena-vaza-iz-orehovega-lesa\/#breadcrumb","itemListElement":[{"@type":"ListItem","position":1,"name":"Home","item":"https:\/\/senik.si\/"},{"@type":"ListItem","position":2,"name":"TRGOVINA","item":"https:\/\/senik.si\/trgovina\/"},{"@type":"ListItem","position":3,"name":"Quadra visoka lesena vaza iz lesa"}]},{"@type":"WebSite","@id":"https:\/\/senik.si\/#website","url":"https:\/\/senik.si\/","name":"SENIK","description":"Eleganca in toplina narave \u2013 ustvarjamo prostore z du\u0161o","publisher":{"@id":"https:\/\/senik.si\/#organization"},"potentialAction":[{"@type":"SearchAction","target":{"@type":"EntryPoint","urlTemplate":"https:\/\/senik.si\/?s={search_term_string}"},"query-input":{"@type":"PropertyValueSpecification","valueRequired":true,"valueName":"search_term_string"}}],"inLanguage":"en-US"},{"@type":"Organization","@id":"https:\/\/senik.si\/#organization","name":"SENIK","url":"https:\/\/senik.si\/","logo":{"@type":"ImageObject","inLanguage":"en-US","@id":"https:\/\/senik.si\/#\/schema\/logo\/image\/","url":"https:\/\/senik.si\/wp-content\/uploads\/senik-logo-black.svg","contentUrl":"https:\/\/senik.si\/wp-content\/uploads\/senik-logo-black.svg","caption":"SENIK"},"image":{"@id":"https:\/\/senik.si\/#\/schema\/logo\/image\/"}}]}},"_links":{"self":[{"href":"https:\/\/senik.si\/en\/wp-json\/wp\/v2\/product\/2497","targetHints":{"allow":["GET"]}}],"collection":[{"href":"https:\/\/senik.si\/en\/wp-json\/wp\/v2\/product"}],"about":[{"href":"https:\/\/senik.si\/en\/wp-json\/wp\/v2\/types\/product"}],"wp:featuredmedia":[{"embeddable":true,"href":"https:\/\/senik.si\/en\/wp-json\/wp\/v2\/media\/5266"}],"wp:attachment":[{"href":"https:\/\/senik.si\/en\/wp-json\/wp\/v2\/media?parent=2497"}],"wp:term":[{"taxonomy":"product_brand","embeddable":true,"href":"https:\/\/senik.si\/en\/wp-json\/wp\/v2\/product_brand?post=2497"},{"taxonomy":"product_cat","embeddable":true,"href":"https:\/\/senik.si\/en\/wp-json\/wp\/v2\/product_cat?post=2497"},{"taxonomy":"product_tag","embeddable":true,"href":"https:\/\/senik.si\/en\/wp-json\/wp\/v2\/product_tag?post=2497"}],"curies":[{"name":"wp","href":"https:\/\/api.w.org\/{rel}","templated":true}]}}