{"id":2390,"date":"2025-12-03T17:53:37","date_gmt":"2025-12-03T16:53:37","guid":{"rendered":"https:\/\/senik.si\/?post_type=product&#038;p=2390"},"modified":"2025-12-18T08:58:37","modified_gmt":"2025-12-18T07:58:37","slug":"darilna-kartica-senik","status":"publish","type":"product","link":"https:\/\/senik.si\/de\/produkt\/darilna-kartica-senik\/","title":{"rendered":"Darilna kartica Senik"},"content":{"rendered":"<p>Darilni kartica <strong>Senik<\/strong> je popolno darilo za va\u0161e najdra\u017eje \u2013 za vse, ki cenijo <strong>trajnostni dizajn<\/strong>, <strong>buti\u010dnost <\/strong>in <strong>rokodelsko ustvarjanje<\/strong>. Omogo\u010da jim izbiro med <strong>trajnostnim pohi\u0161tvom<\/strong>, <strong>ambientnimi dodatki<\/strong> ali <strong>rokodelskimi delavnicami.<\/strong><\/p>\n<p>Kodo darilne kartice dobite na e-mail, \u010de \u017eelite darilno kartico dobiti na dom izberite: fizi\u010dna oblika.<\/p>\n<p>Prejeli boste prazno darilno kartico, dopolnite jo s kodo ki ste jo dobili na mail in zneskom, ki ste ga izbrali.<\/p>","protected":false},"excerpt":{"rendered":"<p>Darilni bon <strong>Senik<\/strong> je popolno darilo za va\u0161e najdra\u017eje \u2013 za vse, ki cenijo <strong>trajnostni dizajn<\/strong>, <strong>buti\u010dnost <\/strong>in <strong>rokodelsko ustvarjanje<\/strong>. Omogo\u010da jim izbiro med <strong>trajnostnim pohi\u0161tvom<\/strong>, <strong>ambientnimi dodatki<\/strong> ali <strong>rokodelskimi delavnicami.<\/strong><\/p>","protected":false},"featured_media":3932,"template":"","meta":{"site-sidebar-layout":"default","site-content-layout":"","ast-site-content-layout":"default","site-content-style":"default","site-sidebar-style":"default","ast-global-header-display":"","ast-banner-title-visibility":"","ast-main-header-display":"","ast-hfb-above-header-display":"","ast-hfb-below-header-display":"","ast-hfb-mobile-header-display":"","site-post-title":"","ast-breadcrumbs-content":"","ast-featured-img":"","footer-sml-layout":"","ast-disable-related-posts":"","theme-transparent-header-meta":"default","adv-header-id-meta":"","stick-header-meta":"default","header-above-stick-meta":"","header-main-stick-meta":"","header-below-stick-meta":"","astra-migrate-meta-layouts":"set","ast-page-background-enabled":"default","ast-page-background-meta":{"desktop":{"background-color":"var(--ast-global-color-4)","background-image":"","background-repeat":"repeat","background-position":"center center","background-size":"auto","background-attachment":"scroll","background-type":"","background-media":"","overlay-type":"","overlay-color":"","overlay-opacity":"","overlay-gradient":""},"tablet":{"background-color":"","background-image":"","background-repeat":"repeat","background-position":"center center","background-size":"auto","background-attachment":"scroll","background-type":"","background-media":"","overlay-type":"","overlay-color":"","overlay-opacity":"","overlay-gradient":""},"mobile":{"background-color":"","background-image":"","background-repeat":"repeat","background-position":"center center","background-size":"auto","background-attachment":"scroll","background-type":"","background-media":"","overlay-type":"","overlay-color":"","overlay-opacity":"","overlay-gradient":""}},"ast-content-background-meta":{"desktop":{"background-color":"var(--ast-global-color-5)","background-image":"","background-repeat":"repeat","background-position":"center center","background-size":"auto","background-attachment":"scroll","background-type":"","background-media":"","overlay-type":"","overlay-color":"","overlay-opacity":"","overlay-gradient":""},"tablet":{"background-color":"var(--ast-global-color-5)","background-image":"","background-repeat":"repeat","background-position":"center center","background-size":"auto","background-attachment":"scroll","background-type":"","background-media":"","overlay-type":"","overlay-color":"","overlay-opacity":"","overlay-gradient":""},"mobile":{"background-color":"var(--ast-global-color-5)","background-image":"","background-repeat":"repeat","background-position":"center center","background-size":"auto","background-attachment":"scroll","background-type":"","background-media":"","overlay-type":"","overlay-color":"","overlay-opacity":"","overlay-gradient":""}}},"product_brand":[],"product_cat":[49],"product_tag":[],"class_list":{"0":"post-2390","1":"product","2":"type-product","3":"status-publish","4":"has-post-thumbnail","6":"product_cat-darilne-kartice","7":"desktop-align-left","8":"tablet-align-left","9":"mobile-align-left","10":"ast-product-gallery-layout-vertical-slider","11":"ast-product-gallery-with-no-image","12":"ast-product-single-variable","13":"ast-product-tabs-layout-horizontal","14":"ast-qv-on-image","16":"first","17":"instock","18":"shipping-taxable","19":"purchasable","20":"product-type-variable"},"yoast_head":"<!-- This site is optimized with the Yoast SEO plugin v27.4 - https:\/\/yoast.com\/product\/yoast-seo-wordpress\/ -->\n<title>Darilna kartica Senik - SENIK<\/title>\n<meta name=\"description\" content=\"Darilna kartica Senik je popolno darilo za va\u0161e najdra\u017eje \u2013 za vse, ki cenijo trajnostni dizajn, buti\u010dnost in rokodelsko ustvarjanje.\" \/>\n<meta name=\"robots\" content=\"index, follow, max-snippet:-1, max-image-preview:large, max-video-preview:-1\" \/>\n<link rel=\"canonical\" href=\"https:\/\/senik.si\/de\/produkt\/darilna-kartica-senik\/\" \/>\n<meta property=\"og:locale\" content=\"de_DE\" \/>\n<meta property=\"og:type\" content=\"article\" \/>\n<meta property=\"og:title\" content=\"Darilna kartica Senik - SENIK\" \/>\n<meta property=\"og:description\" content=\"Darilna kartica Senik je popolno darilo za va\u0161e najdra\u017eje \u2013 za vse, ki cenijo trajnostni dizajn, buti\u010dnost in rokodelsko ustvarjanje.\" \/>\n<meta property=\"og:url\" content=\"https:\/\/senik.si\/de\/produkt\/darilna-kartica-senik\/\" \/>\n<meta property=\"og:site_name\" content=\"SENIK\" \/>\n<meta property=\"article:modified_time\" content=\"2025-12-18T07:58:37+00:00\" \/>\n<meta property=\"og:image\" content=\"https:\/\/senik.si\/wp-content\/uploads\/17-2.webp\" \/>\n\t<meta property=\"og:image:width\" content=\"1920\" \/>\n\t<meta property=\"og:image:height\" content=\"1080\" \/>\n\t<meta property=\"og:image:type\" content=\"image\/webp\" \/>\n<meta name=\"twitter:card\" content=\"summary_large_image\" \/>\n<meta name=\"twitter:label1\" content=\"Gesch\u00e4tzte Lesezeit\" \/>\n\t<meta name=\"twitter:data1\" content=\"1\u00a0Minute\" \/>\n<script type=\"application\/ld+json\" class=\"yoast-schema-graph\">{\"@context\":\"https:\\\/\\\/schema.org\",\"@graph\":[{\"@type\":\"WebPage\",\"@id\":\"https:\\\/\\\/senik.si\\\/izdelek\\\/darilna-kartica-senik\\\/\",\"url\":\"https:\\\/\\\/senik.si\\\/izdelek\\\/darilna-kartica-senik\\\/\",\"name\":\"Darilna kartica Senik - SENIK\",\"isPartOf\":{\"@id\":\"https:\\\/\\\/senik.si\\\/#website\"},\"primaryImageOfPage\":{\"@id\":\"https:\\\/\\\/senik.si\\\/izdelek\\\/darilna-kartica-senik\\\/#primaryimage\"},\"image\":{\"@id\":\"https:\\\/\\\/senik.si\\\/izdelek\\\/darilna-kartica-senik\\\/#primaryimage\"},\"thumbnailUrl\":\"https:\\\/\\\/senik.si\\\/wp-content\\\/uploads\\\/17-2.webp\",\"datePublished\":\"2025-12-03T16:53:37+00:00\",\"dateModified\":\"2025-12-18T07:58:37+00:00\",\"description\":\"Darilna kartica Senik je popolno darilo za va\u0161e najdra\u017eje \u2013 za vse, ki cenijo trajnostni dizajn, buti\u010dnost in rokodelsko ustvarjanje.\",\"breadcrumb\":{\"@id\":\"https:\\\/\\\/senik.si\\\/izdelek\\\/darilna-kartica-senik\\\/#breadcrumb\"},\"inLanguage\":\"de\",\"potentialAction\":[{\"@type\":\"ReadAction\",\"target\":[\"https:\\\/\\\/senik.si\\\/izdelek\\\/darilna-kartica-senik\\\/\"]}]},{\"@type\":\"ImageObject\",\"inLanguage\":\"de\",\"@id\":\"https:\\\/\\\/senik.si\\\/izdelek\\\/darilna-kartica-senik\\\/#primaryimage\",\"url\":\"https:\\\/\\\/senik.si\\\/wp-content\\\/uploads\\\/17-2.webp\",\"contentUrl\":\"https:\\\/\\\/senik.si\\\/wp-content\\\/uploads\\\/17-2.webp\",\"width\":1920,\"height\":1080,\"caption\":\"Darilni bon Senik\"},{\"@type\":\"BreadcrumbList\",\"@id\":\"https:\\\/\\\/senik.si\\\/izdelek\\\/darilna-kartica-senik\\\/#breadcrumb\",\"itemListElement\":[{\"@type\":\"ListItem\",\"position\":1,\"name\":\"Home\",\"item\":\"https:\\\/\\\/senik.si\\\/\"},{\"@type\":\"ListItem\",\"position\":2,\"name\":\"TRGOVINA\",\"item\":\"https:\\\/\\\/senik.si\\\/trgovina\\\/\"},{\"@type\":\"ListItem\",\"position\":3,\"name\":\"Darilna kartica Senik\"}]},{\"@type\":\"WebSite\",\"@id\":\"https:\\\/\\\/senik.si\\\/#website\",\"url\":\"https:\\\/\\\/senik.si\\\/\",\"name\":\"SENIK\",\"description\":\"Eleganca in toplina narave \u2013 ustvarjamo prostore z du\u0161o\",\"publisher\":{\"@id\":\"https:\\\/\\\/senik.si\\\/#organization\"},\"potentialAction\":[{\"@type\":\"SearchAction\",\"target\":{\"@type\":\"EntryPoint\",\"urlTemplate\":\"https:\\\/\\\/senik.si\\\/?s={search_term_string}\"},\"query-input\":{\"@type\":\"PropertyValueSpecification\",\"valueRequired\":true,\"valueName\":\"search_term_string\"}}],\"inLanguage\":\"de\"},{\"@type\":\"Organization\",\"@id\":\"https:\\\/\\\/senik.si\\\/#organization\",\"name\":\"SENIK\",\"url\":\"https:\\\/\\\/senik.si\\\/\",\"logo\":{\"@type\":\"ImageObject\",\"inLanguage\":\"de\",\"@id\":\"https:\\\/\\\/senik.si\\\/#\\\/schema\\\/logo\\\/image\\\/\",\"url\":\"https:\\\/\\\/senik.si\\\/wp-content\\\/uploads\\\/senik-logo-black.svg\",\"contentUrl\":\"https:\\\/\\\/senik.si\\\/wp-content\\\/uploads\\\/senik-logo-black.svg\",\"caption\":\"SENIK\"},\"image\":{\"@id\":\"https:\\\/\\\/senik.si\\\/#\\\/schema\\\/logo\\\/image\\\/\"}}]}<\/script>\n<!-- \/ Yoast SEO plugin. -->","yoast_head_json":{"title":"Darilna kartica Senik - SENIK","description":"Darilna kartica Senik je popolno darilo za va\u0161e najdra\u017eje \u2013 za vse, ki cenijo trajnostni dizajn, buti\u010dnost in rokodelsko ustvarjanje.","robots":{"index":"index","follow":"follow","max-snippet":"max-snippet:-1","max-image-preview":"max-image-preview:large","max-video-preview":"max-video-preview:-1"},"canonical":"https:\/\/senik.si\/de\/produkt\/darilna-kartica-senik\/","og_locale":"de_DE","og_type":"article","og_title":"Darilna kartica Senik - SENIK","og_description":"Darilna kartica Senik je popolno darilo za va\u0161e najdra\u017eje \u2013 za vse, ki cenijo trajnostni dizajn, buti\u010dnost in rokodelsko ustvarjanje.","og_url":"https:\/\/senik.si\/de\/produkt\/darilna-kartica-senik\/","og_site_name":"SENIK","article_modified_time":"2025-12-18T07:58:37+00:00","og_image":[{"width":1920,"height":1080,"url":"https:\/\/senik.si\/wp-content\/uploads\/17-2.webp","type":"image\/webp"}],"twitter_card":"summary_large_image","twitter_misc":{"Gesch\u00e4tzte Lesezeit":"1\u00a0Minute"},"schema":{"@context":"https:\/\/schema.org","@graph":[{"@type":"WebPage","@id":"https:\/\/senik.si\/izdelek\/darilna-kartica-senik\/","url":"https:\/\/senik.si\/izdelek\/darilna-kartica-senik\/","name":"Darilna kartica Senik - SENIK","isPartOf":{"@id":"https:\/\/senik.si\/#website"},"primaryImageOfPage":{"@id":"https:\/\/senik.si\/izdelek\/darilna-kartica-senik\/#primaryimage"},"image":{"@id":"https:\/\/senik.si\/izdelek\/darilna-kartica-senik\/#primaryimage"},"thumbnailUrl":"https:\/\/senik.si\/wp-content\/uploads\/17-2.webp","datePublished":"2025-12-03T16:53:37+00:00","dateModified":"2025-12-18T07:58:37+00:00","description":"Darilna kartica Senik je popolno darilo za va\u0161e najdra\u017eje \u2013 za vse, ki cenijo trajnostni dizajn, buti\u010dnost in rokodelsko ustvarjanje.","breadcrumb":{"@id":"https:\/\/senik.si\/izdelek\/darilna-kartica-senik\/#breadcrumb"},"inLanguage":"de","potentialAction":[{"@type":"ReadAction","target":["https:\/\/senik.si\/izdelek\/darilna-kartica-senik\/"]}]},{"@type":"ImageObject","inLanguage":"de","@id":"https:\/\/senik.si\/izdelek\/darilna-kartica-senik\/#primaryimage","url":"https:\/\/senik.si\/wp-content\/uploads\/17-2.webp","contentUrl":"https:\/\/senik.si\/wp-content\/uploads\/17-2.webp","width":1920,"height":1080,"caption":"Darilni bon Senik"},{"@type":"BreadcrumbList","@id":"https:\/\/senik.si\/izdelek\/darilna-kartica-senik\/#breadcrumb","itemListElement":[{"@type":"ListItem","position":1,"name":"Home","item":"https:\/\/senik.si\/"},{"@type":"ListItem","position":2,"name":"TRGOVINA","item":"https:\/\/senik.si\/trgovina\/"},{"@type":"ListItem","position":3,"name":"Darilna kartica Senik"}]},{"@type":"WebSite","@id":"https:\/\/senik.si\/#website","url":"https:\/\/senik.si\/","name":"SENIK","description":"Eleganca in toplina narave \u2013 ustvarjamo prostore z du\u0161o","publisher":{"@id":"https:\/\/senik.si\/#organization"},"potentialAction":[{"@type":"SearchAction","target":{"@type":"EntryPoint","urlTemplate":"https:\/\/senik.si\/?s={search_term_string}"},"query-input":{"@type":"PropertyValueSpecification","valueRequired":true,"valueName":"search_term_string"}}],"inLanguage":"de"},{"@type":"Organization","@id":"https:\/\/senik.si\/#organization","name":"SENIK","url":"https:\/\/senik.si\/","logo":{"@type":"ImageObject","inLanguage":"de","@id":"https:\/\/senik.si\/#\/schema\/logo\/image\/","url":"https:\/\/senik.si\/wp-content\/uploads\/senik-logo-black.svg","contentUrl":"https:\/\/senik.si\/wp-content\/uploads\/senik-logo-black.svg","caption":"SENIK"},"image":{"@id":"https:\/\/senik.si\/#\/schema\/logo\/image\/"}}]}},"_links":{"self":[{"href":"https:\/\/senik.si\/de\/wp-json\/wp\/v2\/product\/2390","targetHints":{"allow":["GET"]}}],"collection":[{"href":"https:\/\/senik.si\/de\/wp-json\/wp\/v2\/product"}],"about":[{"href":"https:\/\/senik.si\/de\/wp-json\/wp\/v2\/types\/product"}],"wp:featuredmedia":[{"embeddable":true,"href":"https:\/\/senik.si\/de\/wp-json\/wp\/v2\/media\/3932"}],"wp:attachment":[{"href":"https:\/\/senik.si\/de\/wp-json\/wp\/v2\/media?parent=2390"}],"wp:term":[{"taxonomy":"product_brand","embeddable":true,"href":"https:\/\/senik.si\/de\/wp-json\/wp\/v2\/product_brand?post=2390"},{"taxonomy":"product_cat","embeddable":true,"href":"https:\/\/senik.si\/de\/wp-json\/wp\/v2\/product_cat?post=2390"},{"taxonomy":"product_tag","embeddable":true,"href":"https:\/\/senik.si\/de\/wp-json\/wp\/v2\/product_tag?post=2390"}],"curies":[{"name":"wp","href":"https:\/\/api.w.org\/{rel}","templated":true}]}}