{"id":2387,"date":"2025-12-03T17:33:52","date_gmt":"2025-12-03T16:33:52","guid":{"rendered":"https:\/\/senik.si\/?post_type=product&#038;p=2387"},"modified":"2026-01-30T17:04:46","modified_gmt":"2026-01-30T16:04:46","slug":"rokodelska-delavnica-za-prijatelje","status":"publish","type":"product","link":"https:\/\/senik.si\/de\/produkt\/rokodelska-delavnica-za-prijatelje\/","title":{"rendered":"Mizarska delavnica za prijatelje"},"content":{"rendered":"<p>V <strong>rokodelski delavnici za prijatelje<\/strong> boste skupaj do\u017eiveli ustvarjalno popoldne, polno <strong>smeha, idej in ro\u010dnega dela<\/strong>. V prijetnem ambientu <strong>buti\u010dne mizarske delavnice Senika<\/strong> boste pod mentorstvom na\u0161ega mojstra ustvarili <strong>unikatno dekorativno leseno plo\u0161\u010do za steno<\/strong>, na katero bo vsak od vas <strong>vgraviral svoj podpis, simbol ali kratko sporo\u010dilo<\/strong>.<\/p>\n<p>Vsak udele\u017eenec bo prispeval svoj del, ki se bo zdru\u017eil v <strong>kon\u010dni izdelek<\/strong> \u2013 simbol va\u0161e povezanosti in prijateljstva. Med delavnico boste spoznali <strong>osnove obdelave lesa<\/strong>, postopke <strong>bru\u0161enja, sestavljanja in laserskega graviranja<\/strong>, hkrati pa do\u017eiveli spro\u0161\u010deno dru\u017eenje ob <strong>\u010daju, kavi ali kozarcu penine<\/strong>.<\/p>\n<p><strong>Dekorativna plo\u0161\u010da<\/strong>, ki jo boste izdelali skupaj, bo postala <strong>trajni spomin<\/strong> na va\u0161e prijateljstvo in skupno ustvarjanje \u2013 unikatni kos, ki nosi <strong>energijo, kreativnost in toplino skupnih trenutkov<\/strong>.<\/p>\n<p>Delavnica je primerna za <strong>manj\u0161e skupine prijateljev<\/strong>, ki \u017eelijo zdru\u017eiti <strong>ustvarjalnost, spro\u0161\u010denost in timski duh<\/strong> ter domov odnesti <strong>nekaj, kar so ustvarili skupaj.<\/strong><\/p>\n<p>&nbsp;<\/p>\n<p><strong>Pomembno: Navedena cena delavnice velja za eno osebo. Delavnica je primerna za 3 &#8211; 8 oseb.<\/strong><\/p>\n<p>Kontaktirajte nas na info@senik.si, da se dogovorimo glede vseh podrobnosti.<\/p>","protected":false},"excerpt":{"rendered":"<p><strong>*cena velja za eno osebo &#8211; prosimo, kupite toliko delavnic, kot je prijateljev v skupini!<\/strong><\/p>\n<p>V rokodelski delavnici za prijatelje boste skupaj do\u017eiveli ustvarjalno popoldne, polno smeha, idej in ro\u010dnega dela. V prijetnem ambientu buti\u010dne mizarske delavnice Senika boste pod mentorstvom na\u0161ega mojstra ustvarili unikatno dekorativno leseno plo\u0161\u010do za steno, na katero bo vsak od vas vgraviral svoj podpis, simbol ali kratko sporo\u010dilo.<\/p>","protected":false},"featured_media":5077,"template":"","meta":{"site-sidebar-layout":"default","site-content-layout":"","ast-site-content-layout":"default","site-content-style":"default","site-sidebar-style":"default","ast-global-header-display":"","ast-banner-title-visibility":"","ast-main-header-display":"","ast-hfb-above-header-display":"","ast-hfb-below-header-display":"","ast-hfb-mobile-header-display":"","site-post-title":"","ast-breadcrumbs-content":"","ast-featured-img":"","footer-sml-layout":"","ast-disable-related-posts":"","theme-transparent-header-meta":"default","adv-header-id-meta":"","stick-header-meta":"default","header-above-stick-meta":"","header-main-stick-meta":"","header-below-stick-meta":"","astra-migrate-meta-layouts":"set","ast-page-background-enabled":"default","ast-page-background-meta":{"desktop":{"background-color":"var(--ast-global-color-4)","background-image":"","background-repeat":"repeat","background-position":"center center","background-size":"auto","background-attachment":"scroll","background-type":"","background-media":"","overlay-type":"","overlay-color":"","overlay-opacity":"","overlay-gradient":""},"tablet":{"background-color":"","background-image":"","background-repeat":"repeat","background-position":"center center","background-size":"auto","background-attachment":"scroll","background-type":"","background-media":"","overlay-type":"","overlay-color":"","overlay-opacity":"","overlay-gradient":""},"mobile":{"background-color":"","background-image":"","background-repeat":"repeat","background-position":"center center","background-size":"auto","background-attachment":"scroll","background-type":"","background-media":"","overlay-type":"","overlay-color":"","overlay-opacity":"","overlay-gradient":""}},"ast-content-background-meta":{"desktop":{"background-color":"var(--ast-global-color-5)","background-image":"","background-repeat":"repeat","background-position":"center center","background-size":"auto","background-attachment":"scroll","background-type":"","background-media":"","overlay-type":"","overlay-color":"","overlay-opacity":"","overlay-gradient":""},"tablet":{"background-color":"var(--ast-global-color-5)","background-image":"","background-repeat":"repeat","background-position":"center center","background-size":"auto","background-attachment":"scroll","background-type":"","background-media":"","overlay-type":"","overlay-color":"","overlay-opacity":"","overlay-gradient":""},"mobile":{"background-color":"var(--ast-global-color-5)","background-image":"","background-repeat":"repeat","background-position":"center center","background-size":"auto","background-attachment":"scroll","background-type":"","background-media":"","overlay-type":"","overlay-color":"","overlay-opacity":"","overlay-gradient":""}}},"product_brand":[],"product_cat":[35,42,40],"product_tag":[],"class_list":{"0":"post-2387","1":"product","2":"type-product","3":"status-publish","4":"has-post-thumbnail","6":"product_cat-center-znanja","7":"product_cat-lesarske-delavnice","8":"product_cat-rokodelske-delavnice","9":"desktop-align-left","10":"tablet-align-left","11":"mobile-align-left","12":"ast-product-gallery-layout-vertical-slider","13":"ast-product-gallery-with-no-image","14":"ast-product-tabs-layout-horizontal","15":"ast-qv-on-image","17":"first","18":"instock","19":"virtual","20":"purchasable","21":"product-type-simple"},"yoast_head":"<!-- This site is optimized with the Yoast SEO plugin v27.4 - https:\/\/yoast.com\/product\/yoast-seo-wordpress\/ -->\n<title>Mizarska delavnica za prijatelje - SENIK<\/title>\n<meta name=\"description\" content=\"Do\u017eivite ustvarjalno delavnico za prijatelje v Seniku. Skupaj izdelajte dekorativno leseno plo\u0161\u010do in ovekove\u010dite prijateljstvo z gravuro po va\u0161i izbiri.\" \/>\n<meta name=\"robots\" content=\"index, follow, max-snippet:-1, max-image-preview:large, max-video-preview:-1\" \/>\n<link rel=\"canonical\" href=\"https:\/\/senik.si\/de\/produkt\/rokodelska-delavnica-za-prijatelje\/\" \/>\n<meta property=\"og:locale\" content=\"de_DE\" \/>\n<meta property=\"og:type\" content=\"article\" \/>\n<meta property=\"og:title\" content=\"Mizarska delavnica za prijatelje - SENIK\" \/>\n<meta property=\"og:description\" content=\"Do\u017eivite ustvarjalno delavnico za prijatelje v Seniku. Skupaj izdelajte dekorativno leseno plo\u0161\u010do in ovekove\u010dite prijateljstvo z gravuro po va\u0161i izbiri.\" \/>\n<meta property=\"og:url\" content=\"https:\/\/senik.si\/de\/produkt\/rokodelska-delavnica-za-prijatelje\/\" \/>\n<meta property=\"og:site_name\" content=\"SENIK\" \/>\n<meta property=\"article:modified_time\" content=\"2026-01-30T16:04:46+00:00\" \/>\n<meta property=\"og:image\" content=\"https:\/\/senik.si\/wp-content\/uploads\/5-4.webp\" \/>\n\t<meta property=\"og:image:width\" content=\"900\" \/>\n\t<meta property=\"og:image:height\" content=\"900\" \/>\n\t<meta property=\"og:image:type\" content=\"image\/webp\" \/>\n<meta name=\"twitter:card\" content=\"summary_large_image\" \/>\n<meta name=\"twitter:label1\" content=\"Gesch\u00e4tzte Lesezeit\" \/>\n\t<meta name=\"twitter:data1\" content=\"2\u00a0Minuten\" \/>\n<script type=\"application\/ld+json\" class=\"yoast-schema-graph\">{\"@context\":\"https:\\\/\\\/schema.org\",\"@graph\":[{\"@type\":\"WebPage\",\"@id\":\"https:\\\/\\\/senik.si\\\/izdelek\\\/rokodelska-delavnica-za-prijatelje\\\/\",\"url\":\"https:\\\/\\\/senik.si\\\/izdelek\\\/rokodelska-delavnica-za-prijatelje\\\/\",\"name\":\"Mizarska delavnica za prijatelje - SENIK\",\"isPartOf\":{\"@id\":\"https:\\\/\\\/senik.si\\\/#website\"},\"primaryImageOfPage\":{\"@id\":\"https:\\\/\\\/senik.si\\\/izdelek\\\/rokodelska-delavnica-za-prijatelje\\\/#primaryimage\"},\"image\":{\"@id\":\"https:\\\/\\\/senik.si\\\/izdelek\\\/rokodelska-delavnica-za-prijatelje\\\/#primaryimage\"},\"thumbnailUrl\":\"https:\\\/\\\/senik.si\\\/wp-content\\\/uploads\\\/5-4.webp\",\"datePublished\":\"2025-12-03T16:33:52+00:00\",\"dateModified\":\"2026-01-30T16:04:46+00:00\",\"description\":\"Do\u017eivite ustvarjalno delavnico za prijatelje v Seniku. Skupaj izdelajte dekorativno leseno plo\u0161\u010do in ovekove\u010dite prijateljstvo z gravuro po va\u0161i izbiri.\",\"breadcrumb\":{\"@id\":\"https:\\\/\\\/senik.si\\\/izdelek\\\/rokodelska-delavnica-za-prijatelje\\\/#breadcrumb\"},\"inLanguage\":\"de\",\"potentialAction\":[{\"@type\":\"ReadAction\",\"target\":[\"https:\\\/\\\/senik.si\\\/izdelek\\\/rokodelska-delavnica-za-prijatelje\\\/\"]}]},{\"@type\":\"ImageObject\",\"inLanguage\":\"de\",\"@id\":\"https:\\\/\\\/senik.si\\\/izdelek\\\/rokodelska-delavnica-za-prijatelje\\\/#primaryimage\",\"url\":\"https:\\\/\\\/senik.si\\\/wp-content\\\/uploads\\\/5-4.webp\",\"contentUrl\":\"https:\\\/\\\/senik.si\\\/wp-content\\\/uploads\\\/5-4.webp\",\"width\":900,\"height\":900},{\"@type\":\"BreadcrumbList\",\"@id\":\"https:\\\/\\\/senik.si\\\/izdelek\\\/rokodelska-delavnica-za-prijatelje\\\/#breadcrumb\",\"itemListElement\":[{\"@type\":\"ListItem\",\"position\":1,\"name\":\"Home\",\"item\":\"https:\\\/\\\/senik.si\\\/\"},{\"@type\":\"ListItem\",\"position\":2,\"name\":\"TRGOVINA\",\"item\":\"https:\\\/\\\/senik.si\\\/trgovina\\\/\"},{\"@type\":\"ListItem\",\"position\":3,\"name\":\"Mizarska delavnica za prijatelje\"}]},{\"@type\":\"WebSite\",\"@id\":\"https:\\\/\\\/senik.si\\\/#website\",\"url\":\"https:\\\/\\\/senik.si\\\/\",\"name\":\"SENIK\",\"description\":\"Eleganca in toplina narave \u2013 ustvarjamo prostore z du\u0161o\",\"publisher\":{\"@id\":\"https:\\\/\\\/senik.si\\\/#organization\"},\"potentialAction\":[{\"@type\":\"SearchAction\",\"target\":{\"@type\":\"EntryPoint\",\"urlTemplate\":\"https:\\\/\\\/senik.si\\\/?s={search_term_string}\"},\"query-input\":{\"@type\":\"PropertyValueSpecification\",\"valueRequired\":true,\"valueName\":\"search_term_string\"}}],\"inLanguage\":\"de\"},{\"@type\":\"Organization\",\"@id\":\"https:\\\/\\\/senik.si\\\/#organization\",\"name\":\"SENIK\",\"url\":\"https:\\\/\\\/senik.si\\\/\",\"logo\":{\"@type\":\"ImageObject\",\"inLanguage\":\"de\",\"@id\":\"https:\\\/\\\/senik.si\\\/#\\\/schema\\\/logo\\\/image\\\/\",\"url\":\"https:\\\/\\\/senik.si\\\/wp-content\\\/uploads\\\/senik-logo-black.svg\",\"contentUrl\":\"https:\\\/\\\/senik.si\\\/wp-content\\\/uploads\\\/senik-logo-black.svg\",\"caption\":\"SENIK\"},\"image\":{\"@id\":\"https:\\\/\\\/senik.si\\\/#\\\/schema\\\/logo\\\/image\\\/\"}}]}<\/script>\n<!-- \/ Yoast SEO plugin. -->","yoast_head_json":{"title":"Mizarska delavnica za prijatelje - SENIK","description":"Do\u017eivite ustvarjalno delavnico za prijatelje v Seniku. Skupaj izdelajte dekorativno leseno plo\u0161\u010do in ovekove\u010dite prijateljstvo z gravuro po va\u0161i izbiri.","robots":{"index":"index","follow":"follow","max-snippet":"max-snippet:-1","max-image-preview":"max-image-preview:large","max-video-preview":"max-video-preview:-1"},"canonical":"https:\/\/senik.si\/de\/produkt\/rokodelska-delavnica-za-prijatelje\/","og_locale":"de_DE","og_type":"article","og_title":"Mizarska delavnica za prijatelje - SENIK","og_description":"Do\u017eivite ustvarjalno delavnico za prijatelje v Seniku. Skupaj izdelajte dekorativno leseno plo\u0161\u010do in ovekove\u010dite prijateljstvo z gravuro po va\u0161i izbiri.","og_url":"https:\/\/senik.si\/de\/produkt\/rokodelska-delavnica-za-prijatelje\/","og_site_name":"SENIK","article_modified_time":"2026-01-30T16:04:46+00:00","og_image":[{"width":900,"height":900,"url":"https:\/\/senik.si\/wp-content\/uploads\/5-4.webp","type":"image\/webp"}],"twitter_card":"summary_large_image","twitter_misc":{"Gesch\u00e4tzte Lesezeit":"2\u00a0Minuten"},"schema":{"@context":"https:\/\/schema.org","@graph":[{"@type":"WebPage","@id":"https:\/\/senik.si\/izdelek\/rokodelska-delavnica-za-prijatelje\/","url":"https:\/\/senik.si\/izdelek\/rokodelska-delavnica-za-prijatelje\/","name":"Mizarska delavnica za prijatelje - SENIK","isPartOf":{"@id":"https:\/\/senik.si\/#website"},"primaryImageOfPage":{"@id":"https:\/\/senik.si\/izdelek\/rokodelska-delavnica-za-prijatelje\/#primaryimage"},"image":{"@id":"https:\/\/senik.si\/izdelek\/rokodelska-delavnica-za-prijatelje\/#primaryimage"},"thumbnailUrl":"https:\/\/senik.si\/wp-content\/uploads\/5-4.webp","datePublished":"2025-12-03T16:33:52+00:00","dateModified":"2026-01-30T16:04:46+00:00","description":"Do\u017eivite ustvarjalno delavnico za prijatelje v Seniku. Skupaj izdelajte dekorativno leseno plo\u0161\u010do in ovekove\u010dite prijateljstvo z gravuro po va\u0161i izbiri.","breadcrumb":{"@id":"https:\/\/senik.si\/izdelek\/rokodelska-delavnica-za-prijatelje\/#breadcrumb"},"inLanguage":"de","potentialAction":[{"@type":"ReadAction","target":["https:\/\/senik.si\/izdelek\/rokodelska-delavnica-za-prijatelje\/"]}]},{"@type":"ImageObject","inLanguage":"de","@id":"https:\/\/senik.si\/izdelek\/rokodelska-delavnica-za-prijatelje\/#primaryimage","url":"https:\/\/senik.si\/wp-content\/uploads\/5-4.webp","contentUrl":"https:\/\/senik.si\/wp-content\/uploads\/5-4.webp","width":900,"height":900},{"@type":"BreadcrumbList","@id":"https:\/\/senik.si\/izdelek\/rokodelska-delavnica-za-prijatelje\/#breadcrumb","itemListElement":[{"@type":"ListItem","position":1,"name":"Home","item":"https:\/\/senik.si\/"},{"@type":"ListItem","position":2,"name":"TRGOVINA","item":"https:\/\/senik.si\/trgovina\/"},{"@type":"ListItem","position":3,"name":"Mizarska delavnica za prijatelje"}]},{"@type":"WebSite","@id":"https:\/\/senik.si\/#website","url":"https:\/\/senik.si\/","name":"SENIK","description":"Eleganca in toplina narave \u2013 ustvarjamo prostore z du\u0161o","publisher":{"@id":"https:\/\/senik.si\/#organization"},"potentialAction":[{"@type":"SearchAction","target":{"@type":"EntryPoint","urlTemplate":"https:\/\/senik.si\/?s={search_term_string}"},"query-input":{"@type":"PropertyValueSpecification","valueRequired":true,"valueName":"search_term_string"}}],"inLanguage":"de"},{"@type":"Organization","@id":"https:\/\/senik.si\/#organization","name":"SENIK","url":"https:\/\/senik.si\/","logo":{"@type":"ImageObject","inLanguage":"de","@id":"https:\/\/senik.si\/#\/schema\/logo\/image\/","url":"https:\/\/senik.si\/wp-content\/uploads\/senik-logo-black.svg","contentUrl":"https:\/\/senik.si\/wp-content\/uploads\/senik-logo-black.svg","caption":"SENIK"},"image":{"@id":"https:\/\/senik.si\/#\/schema\/logo\/image\/"}}]}},"_links":{"self":[{"href":"https:\/\/senik.si\/de\/wp-json\/wp\/v2\/product\/2387","targetHints":{"allow":["GET"]}}],"collection":[{"href":"https:\/\/senik.si\/de\/wp-json\/wp\/v2\/product"}],"about":[{"href":"https:\/\/senik.si\/de\/wp-json\/wp\/v2\/types\/product"}],"wp:featuredmedia":[{"embeddable":true,"href":"https:\/\/senik.si\/de\/wp-json\/wp\/v2\/media\/5077"}],"wp:attachment":[{"href":"https:\/\/senik.si\/de\/wp-json\/wp\/v2\/media?parent=2387"}],"wp:term":[{"taxonomy":"product_brand","embeddable":true,"href":"https:\/\/senik.si\/de\/wp-json\/wp\/v2\/product_brand?post=2387"},{"taxonomy":"product_cat","embeddable":true,"href":"https:\/\/senik.si\/de\/wp-json\/wp\/v2\/product_cat?post=2387"},{"taxonomy":"product_tag","embeddable":true,"href":"https:\/\/senik.si\/de\/wp-json\/wp\/v2\/product_tag?post=2387"}],"curies":[{"name":"wp","href":"https:\/\/api.w.org\/{rel}","templated":true}]}}