{"id":2385,"date":"2025-12-03T17:29:29","date_gmt":"2025-12-03T16:29:29","guid":{"rendered":"https:\/\/senik.si\/?post_type=product&#038;p=2385"},"modified":"2026-01-28T21:11:21","modified_gmt":"2026-01-28T20:11:21","slug":"rokodelska-delavnica-za-pare","status":"publish","type":"product","link":"https:\/\/senik.si\/de\/produkt\/rokodelska-delavnica-za-pare\/","title":{"rendered":"Mizarska delavnica za pare"},"content":{"rendered":"<p>V <strong>mizarski delavnici za pare<\/strong> boste do\u017eiveli \u010dar <strong>skupnega ustvarjanja<\/strong> in toplino lesa v prijetnem ambientu <strong>buti\u010dne mizarske delavnice Senika<\/strong>. Pod strokovnim vodstvom boste skupaj oblikovali <strong>unikaten leseni izdelek<\/strong> \u2013 <strong>servirni pladenj<\/strong> ali <strong>pravokotno vazo<\/strong>, ki bo simbol va\u0161e povezanosti, sodelovanja in ustvarjalne energije.<\/p>\n<p>Vsak partner bo sodeloval pri razli\u010dnih fazah dela \u2013 <strong>rezanju, bru\u0161enju, sestavljanju, oljenju in laserski gravuri<\/strong>, kjer bosta z zdru\u017eenimi mo\u010dmi ustvarila predmet, ki bo nosil vajin osebni pe\u010dat. Na koncu izdelka boste dodali <strong>gravuro po lastni izbiri<\/strong> \u2013 <strong>ime, datum ali simbol<\/strong>, ki bo kosu dodal osebno zgodbo.<\/p>\n<p>Delavnica spodbuja <strong>usklajenost, komunikacijo in skupno ustvarjalnost<\/strong>, hkrati pa omogo\u010da, da skupaj do\u017eivita <strong>intimno izku\u0161njo oblikovanja in trajnostnega dela z lesom<\/strong>. Zaklju\u010dek dneva bosta obele\u017eila s <strong>kozarcem penine iz lokalne kleti<\/strong>, kot praznovanje vajinega dose\u017eka in skupnega trenutka.<\/p>\n<p><strong>Skupna kreacija<\/strong> ni le kos lesa \u2013 je <strong>simbol sodelovanja, povezanosti in trajnega spomina<\/strong>, ki bo va\u0161 dom obogatil z izdelkom, ustvarjenim iz vajinih rok in harmonije.<\/p>","protected":false},"excerpt":{"rendered":"<p>V <strong>rokodelski delavnici za pare<\/strong> boste do\u017eiveli \u010dar <strong>skupnega ustvarjanja<\/strong> in toplino lesa v prijetnem ambientu <strong>buti\u010dne mizarske delavnice Senika<\/strong>. Pod strokovnim vodstvom boste skupaj oblikovali <strong>unikaten leseni izdelek<\/strong> \u2013 <strong>servirni pladenj<\/strong> ali <strong>pravokotno vazo<\/strong>, ki bo simbol va\u0161e povezanosti, sodelovanja in ustvarjalne energije.<\/p>","protected":false},"featured_media":5076,"template":"","meta":{"site-sidebar-layout":"default","site-content-layout":"","ast-site-content-layout":"default","site-content-style":"default","site-sidebar-style":"default","ast-global-header-display":"","ast-banner-title-visibility":"","ast-main-header-display":"","ast-hfb-above-header-display":"","ast-hfb-below-header-display":"","ast-hfb-mobile-header-display":"","site-post-title":"","ast-breadcrumbs-content":"","ast-featured-img":"","footer-sml-layout":"","ast-disable-related-posts":"","theme-transparent-header-meta":"default","adv-header-id-meta":"","stick-header-meta":"default","header-above-stick-meta":"","header-main-stick-meta":"","header-below-stick-meta":"","astra-migrate-meta-layouts":"set","ast-page-background-enabled":"default","ast-page-background-meta":{"desktop":{"background-color":"var(--ast-global-color-4)","background-image":"","background-repeat":"repeat","background-position":"center center","background-size":"auto","background-attachment":"scroll","background-type":"","background-media":"","overlay-type":"","overlay-color":"","overlay-opacity":"","overlay-gradient":""},"tablet":{"background-color":"","background-image":"","background-repeat":"repeat","background-position":"center center","background-size":"auto","background-attachment":"scroll","background-type":"","background-media":"","overlay-type":"","overlay-color":"","overlay-opacity":"","overlay-gradient":""},"mobile":{"background-color":"","background-image":"","background-repeat":"repeat","background-position":"center center","background-size":"auto","background-attachment":"scroll","background-type":"","background-media":"","overlay-type":"","overlay-color":"","overlay-opacity":"","overlay-gradient":""}},"ast-content-background-meta":{"desktop":{"background-color":"var(--ast-global-color-5)","background-image":"","background-repeat":"repeat","background-position":"center center","background-size":"auto","background-attachment":"scroll","background-type":"","background-media":"","overlay-type":"","overlay-color":"","overlay-opacity":"","overlay-gradient":""},"tablet":{"background-color":"var(--ast-global-color-5)","background-image":"","background-repeat":"repeat","background-position":"center center","background-size":"auto","background-attachment":"scroll","background-type":"","background-media":"","overlay-type":"","overlay-color":"","overlay-opacity":"","overlay-gradient":""},"mobile":{"background-color":"var(--ast-global-color-5)","background-image":"","background-repeat":"repeat","background-position":"center center","background-size":"auto","background-attachment":"scroll","background-type":"","background-media":"","overlay-type":"","overlay-color":"","overlay-opacity":"","overlay-gradient":""}}},"product_brand":[],"product_cat":[35,42,40],"product_tag":[],"class_list":{"0":"post-2385","1":"product","2":"type-product","3":"status-publish","4":"has-post-thumbnail","6":"product_cat-center-znanja","7":"product_cat-lesarske-delavnice","8":"product_cat-rokodelske-delavnice","9":"desktop-align-left","10":"tablet-align-left","11":"mobile-align-left","12":"ast-product-gallery-layout-vertical-slider","13":"ast-product-gallery-with-no-image","14":"ast-product-tabs-layout-horizontal","15":"ast-qv-on-image","17":"first","18":"instock","19":"virtual","20":"purchasable","21":"product-type-simple"},"yoast_head":"<!-- This site is optimized with the Yoast SEO plugin v27.4 - https:\/\/yoast.com\/product\/yoast-seo-wordpress\/ -->\n<title>Mizarska delavnica za pare - SENIK<\/title>\n<meta name=\"description\" content=\"Ustvarite leseni izdelek v dvoje \u2013 servirni pladenj ali vazo. Rokodelska delavnica za pare v Seniku: ustvarjalnost, harmonija in osebni pe\u010dat.\" \/>\n<meta name=\"robots\" content=\"index, follow, max-snippet:-1, max-image-preview:large, max-video-preview:-1\" \/>\n<link rel=\"canonical\" href=\"https:\/\/senik.si\/de\/produkt\/rokodelska-delavnica-za-pare\/\" \/>\n<meta property=\"og:locale\" content=\"de_DE\" \/>\n<meta property=\"og:type\" content=\"article\" \/>\n<meta property=\"og:title\" content=\"Mizarska delavnica za pare - SENIK\" \/>\n<meta property=\"og:description\" content=\"Ustvarite leseni izdelek v dvoje \u2013 servirni pladenj ali vazo. Rokodelska delavnica za pare v Seniku: ustvarjalnost, harmonija in osebni pe\u010dat.\" \/>\n<meta property=\"og:url\" content=\"https:\/\/senik.si\/de\/produkt\/rokodelska-delavnica-za-pare\/\" \/>\n<meta property=\"og:site_name\" content=\"SENIK\" \/>\n<meta property=\"article:modified_time\" content=\"2026-01-28T20:11:21+00:00\" \/>\n<meta property=\"og:image\" content=\"https:\/\/senik.si\/wp-content\/uploads\/6-4.webp\" \/>\n\t<meta property=\"og:image:width\" content=\"900\" \/>\n\t<meta property=\"og:image:height\" content=\"900\" \/>\n\t<meta property=\"og:image:type\" content=\"image\/webp\" \/>\n<meta name=\"twitter:card\" content=\"summary_large_image\" \/>\n<meta name=\"twitter:label1\" content=\"Gesch\u00e4tzte Lesezeit\" \/>\n\t<meta name=\"twitter:data1\" content=\"2\u00a0Minuten\" \/>\n<script type=\"application\/ld+json\" class=\"yoast-schema-graph\">{\"@context\":\"https:\\\/\\\/schema.org\",\"@graph\":[{\"@type\":\"WebPage\",\"@id\":\"https:\\\/\\\/senik.si\\\/izdelek\\\/rokodelska-delavnica-za-pare\\\/\",\"url\":\"https:\\\/\\\/senik.si\\\/izdelek\\\/rokodelska-delavnica-za-pare\\\/\",\"name\":\"Mizarska delavnica za pare - SENIK\",\"isPartOf\":{\"@id\":\"https:\\\/\\\/senik.si\\\/#website\"},\"primaryImageOfPage\":{\"@id\":\"https:\\\/\\\/senik.si\\\/izdelek\\\/rokodelska-delavnica-za-pare\\\/#primaryimage\"},\"image\":{\"@id\":\"https:\\\/\\\/senik.si\\\/izdelek\\\/rokodelska-delavnica-za-pare\\\/#primaryimage\"},\"thumbnailUrl\":\"https:\\\/\\\/senik.si\\\/wp-content\\\/uploads\\\/6-4.webp\",\"datePublished\":\"2025-12-03T16:29:29+00:00\",\"dateModified\":\"2026-01-28T20:11:21+00:00\",\"description\":\"Ustvarite leseni izdelek v dvoje \u2013 servirni pladenj ali vazo. Rokodelska delavnica za pare v Seniku: ustvarjalnost, harmonija in osebni pe\u010dat.\",\"breadcrumb\":{\"@id\":\"https:\\\/\\\/senik.si\\\/izdelek\\\/rokodelska-delavnica-za-pare\\\/#breadcrumb\"},\"inLanguage\":\"de\",\"potentialAction\":[{\"@type\":\"ReadAction\",\"target\":[\"https:\\\/\\\/senik.si\\\/izdelek\\\/rokodelska-delavnica-za-pare\\\/\"]}]},{\"@type\":\"ImageObject\",\"inLanguage\":\"de\",\"@id\":\"https:\\\/\\\/senik.si\\\/izdelek\\\/rokodelska-delavnica-za-pare\\\/#primaryimage\",\"url\":\"https:\\\/\\\/senik.si\\\/wp-content\\\/uploads\\\/6-4.webp\",\"contentUrl\":\"https:\\\/\\\/senik.si\\\/wp-content\\\/uploads\\\/6-4.webp\",\"width\":900,\"height\":900},{\"@type\":\"BreadcrumbList\",\"@id\":\"https:\\\/\\\/senik.si\\\/izdelek\\\/rokodelska-delavnica-za-pare\\\/#breadcrumb\",\"itemListElement\":[{\"@type\":\"ListItem\",\"position\":1,\"name\":\"Home\",\"item\":\"https:\\\/\\\/senik.si\\\/\"},{\"@type\":\"ListItem\",\"position\":2,\"name\":\"TRGOVINA\",\"item\":\"https:\\\/\\\/senik.si\\\/trgovina\\\/\"},{\"@type\":\"ListItem\",\"position\":3,\"name\":\"Mizarska delavnica za pare\"}]},{\"@type\":\"WebSite\",\"@id\":\"https:\\\/\\\/senik.si\\\/#website\",\"url\":\"https:\\\/\\\/senik.si\\\/\",\"name\":\"SENIK\",\"description\":\"Eleganca in toplina narave \u2013 ustvarjamo prostore z du\u0161o\",\"publisher\":{\"@id\":\"https:\\\/\\\/senik.si\\\/#organization\"},\"potentialAction\":[{\"@type\":\"SearchAction\",\"target\":{\"@type\":\"EntryPoint\",\"urlTemplate\":\"https:\\\/\\\/senik.si\\\/?s={search_term_string}\"},\"query-input\":{\"@type\":\"PropertyValueSpecification\",\"valueRequired\":true,\"valueName\":\"search_term_string\"}}],\"inLanguage\":\"de\"},{\"@type\":\"Organization\",\"@id\":\"https:\\\/\\\/senik.si\\\/#organization\",\"name\":\"SENIK\",\"url\":\"https:\\\/\\\/senik.si\\\/\",\"logo\":{\"@type\":\"ImageObject\",\"inLanguage\":\"de\",\"@id\":\"https:\\\/\\\/senik.si\\\/#\\\/schema\\\/logo\\\/image\\\/\",\"url\":\"https:\\\/\\\/senik.si\\\/wp-content\\\/uploads\\\/senik-logo-black.svg\",\"contentUrl\":\"https:\\\/\\\/senik.si\\\/wp-content\\\/uploads\\\/senik-logo-black.svg\",\"caption\":\"SENIK\"},\"image\":{\"@id\":\"https:\\\/\\\/senik.si\\\/#\\\/schema\\\/logo\\\/image\\\/\"}}]}<\/script>\n<!-- \/ Yoast SEO plugin. -->","yoast_head_json":{"title":"Mizarska delavnica za pare - SENIK","description":"Ustvarite leseni izdelek v dvoje \u2013 servirni pladenj ali vazo. Rokodelska delavnica za pare v Seniku: ustvarjalnost, harmonija in osebni pe\u010dat.","robots":{"index":"index","follow":"follow","max-snippet":"max-snippet:-1","max-image-preview":"max-image-preview:large","max-video-preview":"max-video-preview:-1"},"canonical":"https:\/\/senik.si\/de\/produkt\/rokodelska-delavnica-za-pare\/","og_locale":"de_DE","og_type":"article","og_title":"Mizarska delavnica za pare - SENIK","og_description":"Ustvarite leseni izdelek v dvoje \u2013 servirni pladenj ali vazo. Rokodelska delavnica za pare v Seniku: ustvarjalnost, harmonija in osebni pe\u010dat.","og_url":"https:\/\/senik.si\/de\/produkt\/rokodelska-delavnica-za-pare\/","og_site_name":"SENIK","article_modified_time":"2026-01-28T20:11:21+00:00","og_image":[{"width":900,"height":900,"url":"https:\/\/senik.si\/wp-content\/uploads\/6-4.webp","type":"image\/webp"}],"twitter_card":"summary_large_image","twitter_misc":{"Gesch\u00e4tzte Lesezeit":"2\u00a0Minuten"},"schema":{"@context":"https:\/\/schema.org","@graph":[{"@type":"WebPage","@id":"https:\/\/senik.si\/izdelek\/rokodelska-delavnica-za-pare\/","url":"https:\/\/senik.si\/izdelek\/rokodelska-delavnica-za-pare\/","name":"Mizarska delavnica za pare - SENIK","isPartOf":{"@id":"https:\/\/senik.si\/#website"},"primaryImageOfPage":{"@id":"https:\/\/senik.si\/izdelek\/rokodelska-delavnica-za-pare\/#primaryimage"},"image":{"@id":"https:\/\/senik.si\/izdelek\/rokodelska-delavnica-za-pare\/#primaryimage"},"thumbnailUrl":"https:\/\/senik.si\/wp-content\/uploads\/6-4.webp","datePublished":"2025-12-03T16:29:29+00:00","dateModified":"2026-01-28T20:11:21+00:00","description":"Ustvarite leseni izdelek v dvoje \u2013 servirni pladenj ali vazo. Rokodelska delavnica za pare v Seniku: ustvarjalnost, harmonija in osebni pe\u010dat.","breadcrumb":{"@id":"https:\/\/senik.si\/izdelek\/rokodelska-delavnica-za-pare\/#breadcrumb"},"inLanguage":"de","potentialAction":[{"@type":"ReadAction","target":["https:\/\/senik.si\/izdelek\/rokodelska-delavnica-za-pare\/"]}]},{"@type":"ImageObject","inLanguage":"de","@id":"https:\/\/senik.si\/izdelek\/rokodelska-delavnica-za-pare\/#primaryimage","url":"https:\/\/senik.si\/wp-content\/uploads\/6-4.webp","contentUrl":"https:\/\/senik.si\/wp-content\/uploads\/6-4.webp","width":900,"height":900},{"@type":"BreadcrumbList","@id":"https:\/\/senik.si\/izdelek\/rokodelska-delavnica-za-pare\/#breadcrumb","itemListElement":[{"@type":"ListItem","position":1,"name":"Home","item":"https:\/\/senik.si\/"},{"@type":"ListItem","position":2,"name":"TRGOVINA","item":"https:\/\/senik.si\/trgovina\/"},{"@type":"ListItem","position":3,"name":"Mizarska delavnica za pare"}]},{"@type":"WebSite","@id":"https:\/\/senik.si\/#website","url":"https:\/\/senik.si\/","name":"SENIK","description":"Eleganca in toplina narave \u2013 ustvarjamo prostore z du\u0161o","publisher":{"@id":"https:\/\/senik.si\/#organization"},"potentialAction":[{"@type":"SearchAction","target":{"@type":"EntryPoint","urlTemplate":"https:\/\/senik.si\/?s={search_term_string}"},"query-input":{"@type":"PropertyValueSpecification","valueRequired":true,"valueName":"search_term_string"}}],"inLanguage":"de"},{"@type":"Organization","@id":"https:\/\/senik.si\/#organization","name":"SENIK","url":"https:\/\/senik.si\/","logo":{"@type":"ImageObject","inLanguage":"de","@id":"https:\/\/senik.si\/#\/schema\/logo\/image\/","url":"https:\/\/senik.si\/wp-content\/uploads\/senik-logo-black.svg","contentUrl":"https:\/\/senik.si\/wp-content\/uploads\/senik-logo-black.svg","caption":"SENIK"},"image":{"@id":"https:\/\/senik.si\/#\/schema\/logo\/image\/"}}]}},"_links":{"self":[{"href":"https:\/\/senik.si\/de\/wp-json\/wp\/v2\/product\/2385","targetHints":{"allow":["GET"]}}],"collection":[{"href":"https:\/\/senik.si\/de\/wp-json\/wp\/v2\/product"}],"about":[{"href":"https:\/\/senik.si\/de\/wp-json\/wp\/v2\/types\/product"}],"wp:featuredmedia":[{"embeddable":true,"href":"https:\/\/senik.si\/de\/wp-json\/wp\/v2\/media\/5076"}],"wp:attachment":[{"href":"https:\/\/senik.si\/de\/wp-json\/wp\/v2\/media?parent=2385"}],"wp:term":[{"taxonomy":"product_brand","embeddable":true,"href":"https:\/\/senik.si\/de\/wp-json\/wp\/v2\/product_brand?post=2385"},{"taxonomy":"product_cat","embeddable":true,"href":"https:\/\/senik.si\/de\/wp-json\/wp\/v2\/product_cat?post=2385"},{"taxonomy":"product_tag","embeddable":true,"href":"https:\/\/senik.si\/de\/wp-json\/wp\/v2\/product_tag?post=2385"}],"curies":[{"name":"wp","href":"https:\/\/api.w.org\/{rel}","templated":true}]}}