{"id":1781,"date":"2025-11-25T20:59:59","date_gmt":"2025-11-25T19:59:59","guid":{"rendered":"https:\/\/senik.si\/?post_type=product&#038;p=1781"},"modified":"2026-04-08T21:54:03","modified_gmt":"2026-04-08T19:54:03","slug":"timska-mizarska-delavnica","status":"publish","type":"product","link":"https:\/\/senik.si\/de\/produkt\/timska-mizarska-delavnica\/","title":{"rendered":"Timska mizarska delavnica za kolektive"},"content":{"rendered":"<div>\n<p><span lang=\"SL\">V <b>Centru znanja Senik<\/b> vas pri\u010dakuje edinstvena <b>timska mizarska delavnica<\/b>, namenjena ekipam, ki \u017eelijo zdru\u017eiti ustvarjalnost, sodelovanje in trajnostno vizijo. Pod vodstvom na\u0161ega mojstra boste skupaj ustvarili <b>leseni pladenj<\/b>, ki bo nosil pe\u010dat va\u0161e ekipe \u2013 <b>simbol skupnega dose\u017eka, povezanosti in kreativne energije<\/b>.<\/span><\/p>\n<\/div>\n<div>\n<p><span lang=\"SL\">Spoznali boste <b>osnove mizarskih tehnik<\/b> \u2013 <b>rezanje, bru\u0161enje, sestavljanje, oljenje in lasersko gravuro<\/b>, pri \u010demer vsak \u010dlan ekipe izdela svoj modul pladnja. Na koncu se vsi deli zdru\u017eijo v <b>enoten izdelek<\/b>, na katerem bo gravura po va\u0161i izbiri \u2013 ime podjetja, datum ali simbol va\u0161e skupnosti.<\/span><\/p>\n<\/div>\n<div>\n<p><span lang=\"SL\">Delavnica spodbuja <b>sodelovanje, komunikacijo in ob\u010dutek pripadnosti<\/b>, saj uspeh temelji na skupnem delu in usklajenosti ekipe. Nastali <b>pladenj<\/b> pa lahko ostane v <b>sejni sobi ali skupnem prostoru<\/b> kot <b>trajni spomin na ustvarjalno povezovanje<\/b>.<\/span><\/p>\n<\/div>\n<div>\n<p><span lang=\"SL\">V spro\u0161\u010denem ambientu <b>buti\u010dne mizarske delavnice Senika<\/b> boste skupaj ustvarili <b>izdelek, ki povezuje ljudi<\/b>, hkrati pa za\u010dutili toplino lesa in mo\u010d skupne ideje.<\/span><\/p>\n<p>&nbsp;<\/p>\n<\/div>\n<p><strong>Pomembno: Navedena cena delavnice velja za eno osebo.\u00a0<\/strong><\/p>\n<p>Kontaktirajte nas na info@senik.si, da se dogovorimo glede vseh podrobnosti.<\/p>","protected":false},"excerpt":{"rendered":"<div>*cena velja za eno osebo &#8211; prosimo, kupite toliko delavnic, kot je sodelavcev v skupini!<\/div>\n<div><\/div>\n<div><span lang=\"SL\">V <b>Centru znanja Senik<\/b> vas pri\u010dakuje edinstvena <b>timska rokodelska delavnica<\/b>, namenjena ekipam, ki \u017eelijo zdru\u017eiti ustvarjalnost, sodelovanje in trajnostno vizijo. Pod vodstvom na\u0161ega mojstra boste skupaj ustvarili <b>leseni pladenj<\/b>, ki bo nosil pe\u010dat va\u0161e ekipe \u2013 <b>simbol skupnega dose\u017eka, povezanosti in kreativne energije<\/b>.<\/span><\/div>","protected":false},"featured_media":5078,"template":"","meta":{"site-sidebar-layout":"default","site-content-layout":"","ast-site-content-layout":"default","site-content-style":"default","site-sidebar-style":"default","ast-global-header-display":"","ast-banner-title-visibility":"","ast-main-header-display":"","ast-hfb-above-header-display":"","ast-hfb-below-header-display":"","ast-hfb-mobile-header-display":"","site-post-title":"","ast-breadcrumbs-content":"","ast-featured-img":"","footer-sml-layout":"","ast-disable-related-posts":"","theme-transparent-header-meta":"default","adv-header-id-meta":"","stick-header-meta":"default","header-above-stick-meta":"","header-main-stick-meta":"","header-below-stick-meta":"","astra-migrate-meta-layouts":"set","ast-page-background-enabled":"default","ast-page-background-meta":{"desktop":{"background-color":"var(--ast-global-color-4)","background-image":"","background-repeat":"repeat","background-position":"center center","background-size":"auto","background-attachment":"scroll","background-type":"","background-media":"","overlay-type":"","overlay-color":"","overlay-opacity":"","overlay-gradient":""},"tablet":{"background-color":"","background-image":"","background-repeat":"repeat","background-position":"center center","background-size":"auto","background-attachment":"scroll","background-type":"","background-media":"","overlay-type":"","overlay-color":"","overlay-opacity":"","overlay-gradient":""},"mobile":{"background-color":"","background-image":"","background-repeat":"repeat","background-position":"center center","background-size":"auto","background-attachment":"scroll","background-type":"","background-media":"","overlay-type":"","overlay-color":"","overlay-opacity":"","overlay-gradient":""}},"ast-content-background-meta":{"desktop":{"background-color":"var(--ast-global-color-5)","background-image":"","background-repeat":"repeat","background-position":"center center","background-size":"auto","background-attachment":"scroll","background-type":"","background-media":"","overlay-type":"","overlay-color":"","overlay-opacity":"","overlay-gradient":""},"tablet":{"background-color":"var(--ast-global-color-5)","background-image":"","background-repeat":"repeat","background-position":"center center","background-size":"auto","background-attachment":"scroll","background-type":"","background-media":"","overlay-type":"","overlay-color":"","overlay-opacity":"","overlay-gradient":""},"mobile":{"background-color":"var(--ast-global-color-5)","background-image":"","background-repeat":"repeat","background-position":"center center","background-size":"auto","background-attachment":"scroll","background-type":"","background-media":"","overlay-type":"","overlay-color":"","overlay-opacity":"","overlay-gradient":""}}},"product_brand":[],"product_cat":[35,42,40],"product_tag":[],"class_list":{"0":"post-1781","1":"product","2":"type-product","3":"status-publish","4":"has-post-thumbnail","6":"product_cat-center-znanja","7":"product_cat-lesarske-delavnice","8":"product_cat-rokodelske-delavnice","9":"desktop-align-left","10":"tablet-align-left","11":"mobile-align-left","12":"ast-product-gallery-layout-vertical-slider","13":"ast-product-gallery-with-no-image","14":"ast-product-tabs-layout-horizontal","15":"ast-qv-on-image","17":"first","18":"instock","19":"virtual","20":"purchasable","21":"product-type-simple"},"yoast_head":"<!-- This site is optimized with the Yoast SEO plugin v27.4 - https:\/\/yoast.com\/product\/yoast-seo-wordpress\/ -->\n<title>Timska mizarska delavnica za kolektive - SENIK<\/title>\n<meta name=\"robots\" content=\"index, follow, max-snippet:-1, max-image-preview:large, max-video-preview:-1\" \/>\n<link rel=\"canonical\" href=\"https:\/\/senik.si\/de\/produkt\/timska-mizarska-delavnica\/\" \/>\n<meta property=\"og:locale\" content=\"de_DE\" \/>\n<meta property=\"og:type\" content=\"article\" \/>\n<meta property=\"og:title\" content=\"Timska mizarska delavnica za kolektive - SENIK\" \/>\n<meta property=\"og:description\" content=\"*cena velja za eno osebo - prosimo, kupite toliko delavnic, kot je sodelavcev v skupini!  V Centru znanja Senik vas pri\u010dakuje edinstvena timska rokodelska delavnica, namenjena ekipam, ki \u017eelijo zdru\u017eiti ustvarjalnost, sodelovanje in trajnostno vizijo. Pod vodstvom na\u0161ega mojstra boste skupaj ustvarili leseni pladenj, ki bo nosil pe\u010dat va\u0161e ekipe \u2013 simbol skupnega dose\u017eka, povezanosti in kreativne energije.\" \/>\n<meta property=\"og:url\" content=\"https:\/\/senik.si\/de\/produkt\/timska-mizarska-delavnica\/\" \/>\n<meta property=\"og:site_name\" content=\"SENIK\" \/>\n<meta property=\"article:modified_time\" content=\"2026-04-08T19:54:03+00:00\" \/>\n<meta property=\"og:image\" content=\"https:\/\/senik.si\/wp-content\/uploads\/7-4.webp\" \/>\n\t<meta property=\"og:image:width\" content=\"900\" \/>\n\t<meta property=\"og:image:height\" content=\"900\" \/>\n\t<meta property=\"og:image:type\" content=\"image\/webp\" \/>\n<meta name=\"twitter:card\" content=\"summary_large_image\" \/>\n<meta name=\"twitter:label1\" content=\"Gesch\u00e4tzte Lesezeit\" \/>\n\t<meta name=\"twitter:data1\" content=\"2\u00a0Minuten\" \/>\n<script type=\"application\/ld+json\" class=\"yoast-schema-graph\">{\"@context\":\"https:\\\/\\\/schema.org\",\"@graph\":[{\"@type\":\"WebPage\",\"@id\":\"https:\\\/\\\/senik.si\\\/izdelek\\\/timska-mizarska-delavnica\\\/\",\"url\":\"https:\\\/\\\/senik.si\\\/izdelek\\\/timska-mizarska-delavnica\\\/\",\"name\":\"Timska mizarska delavnica za kolektive - SENIK\",\"isPartOf\":{\"@id\":\"https:\\\/\\\/senik.si\\\/#website\"},\"primaryImageOfPage\":{\"@id\":\"https:\\\/\\\/senik.si\\\/izdelek\\\/timska-mizarska-delavnica\\\/#primaryimage\"},\"image\":{\"@id\":\"https:\\\/\\\/senik.si\\\/izdelek\\\/timska-mizarska-delavnica\\\/#primaryimage\"},\"thumbnailUrl\":\"https:\\\/\\\/senik.si\\\/wp-content\\\/uploads\\\/7-4.webp\",\"datePublished\":\"2025-11-25T19:59:59+00:00\",\"dateModified\":\"2026-04-08T19:54:03+00:00\",\"breadcrumb\":{\"@id\":\"https:\\\/\\\/senik.si\\\/izdelek\\\/timska-mizarska-delavnica\\\/#breadcrumb\"},\"inLanguage\":\"de\",\"potentialAction\":[{\"@type\":\"ReadAction\",\"target\":[\"https:\\\/\\\/senik.si\\\/izdelek\\\/timska-mizarska-delavnica\\\/\"]}]},{\"@type\":\"ImageObject\",\"inLanguage\":\"de\",\"@id\":\"https:\\\/\\\/senik.si\\\/izdelek\\\/timska-mizarska-delavnica\\\/#primaryimage\",\"url\":\"https:\\\/\\\/senik.si\\\/wp-content\\\/uploads\\\/7-4.webp\",\"contentUrl\":\"https:\\\/\\\/senik.si\\\/wp-content\\\/uploads\\\/7-4.webp\",\"width\":900,\"height\":900},{\"@type\":\"BreadcrumbList\",\"@id\":\"https:\\\/\\\/senik.si\\\/izdelek\\\/timska-mizarska-delavnica\\\/#breadcrumb\",\"itemListElement\":[{\"@type\":\"ListItem\",\"position\":1,\"name\":\"Home\",\"item\":\"https:\\\/\\\/senik.si\\\/\"},{\"@type\":\"ListItem\",\"position\":2,\"name\":\"TRGOVINA\",\"item\":\"https:\\\/\\\/senik.si\\\/trgovina\\\/\"},{\"@type\":\"ListItem\",\"position\":3,\"name\":\"Timska mizarska delavnica za kolektive\"}]},{\"@type\":\"WebSite\",\"@id\":\"https:\\\/\\\/senik.si\\\/#website\",\"url\":\"https:\\\/\\\/senik.si\\\/\",\"name\":\"SENIK\",\"description\":\"Eleganca in toplina narave \u2013 ustvarjamo prostore z du\u0161o\",\"publisher\":{\"@id\":\"https:\\\/\\\/senik.si\\\/#organization\"},\"potentialAction\":[{\"@type\":\"SearchAction\",\"target\":{\"@type\":\"EntryPoint\",\"urlTemplate\":\"https:\\\/\\\/senik.si\\\/?s={search_term_string}\"},\"query-input\":{\"@type\":\"PropertyValueSpecification\",\"valueRequired\":true,\"valueName\":\"search_term_string\"}}],\"inLanguage\":\"de\"},{\"@type\":\"Organization\",\"@id\":\"https:\\\/\\\/senik.si\\\/#organization\",\"name\":\"SENIK\",\"url\":\"https:\\\/\\\/senik.si\\\/\",\"logo\":{\"@type\":\"ImageObject\",\"inLanguage\":\"de\",\"@id\":\"https:\\\/\\\/senik.si\\\/#\\\/schema\\\/logo\\\/image\\\/\",\"url\":\"https:\\\/\\\/senik.si\\\/wp-content\\\/uploads\\\/senik-logo-black.svg\",\"contentUrl\":\"https:\\\/\\\/senik.si\\\/wp-content\\\/uploads\\\/senik-logo-black.svg\",\"caption\":\"SENIK\"},\"image\":{\"@id\":\"https:\\\/\\\/senik.si\\\/#\\\/schema\\\/logo\\\/image\\\/\"}}]}<\/script>\n<!-- \/ Yoast SEO plugin. -->","yoast_head_json":{"title":"Timska mizarska delavnica za kolektive - SENIK","robots":{"index":"index","follow":"follow","max-snippet":"max-snippet:-1","max-image-preview":"max-image-preview:large","max-video-preview":"max-video-preview:-1"},"canonical":"https:\/\/senik.si\/de\/produkt\/timska-mizarska-delavnica\/","og_locale":"de_DE","og_type":"article","og_title":"Timska mizarska delavnica za kolektive - SENIK","og_description":"*cena velja za eno osebo - prosimo, kupite toliko delavnic, kot je sodelavcev v skupini!  V Centru znanja Senik vas pri\u010dakuje edinstvena timska rokodelska delavnica, namenjena ekipam, ki \u017eelijo zdru\u017eiti ustvarjalnost, sodelovanje in trajnostno vizijo. Pod vodstvom na\u0161ega mojstra boste skupaj ustvarili leseni pladenj, ki bo nosil pe\u010dat va\u0161e ekipe \u2013 simbol skupnega dose\u017eka, povezanosti in kreativne energije.","og_url":"https:\/\/senik.si\/de\/produkt\/timska-mizarska-delavnica\/","og_site_name":"SENIK","article_modified_time":"2026-04-08T19:54:03+00:00","og_image":[{"width":900,"height":900,"url":"https:\/\/senik.si\/wp-content\/uploads\/7-4.webp","type":"image\/webp"}],"twitter_card":"summary_large_image","twitter_misc":{"Gesch\u00e4tzte Lesezeit":"2\u00a0Minuten"},"schema":{"@context":"https:\/\/schema.org","@graph":[{"@type":"WebPage","@id":"https:\/\/senik.si\/izdelek\/timska-mizarska-delavnica\/","url":"https:\/\/senik.si\/izdelek\/timska-mizarska-delavnica\/","name":"Timska mizarska delavnica za kolektive - SENIK","isPartOf":{"@id":"https:\/\/senik.si\/#website"},"primaryImageOfPage":{"@id":"https:\/\/senik.si\/izdelek\/timska-mizarska-delavnica\/#primaryimage"},"image":{"@id":"https:\/\/senik.si\/izdelek\/timska-mizarska-delavnica\/#primaryimage"},"thumbnailUrl":"https:\/\/senik.si\/wp-content\/uploads\/7-4.webp","datePublished":"2025-11-25T19:59:59+00:00","dateModified":"2026-04-08T19:54:03+00:00","breadcrumb":{"@id":"https:\/\/senik.si\/izdelek\/timska-mizarska-delavnica\/#breadcrumb"},"inLanguage":"de","potentialAction":[{"@type":"ReadAction","target":["https:\/\/senik.si\/izdelek\/timska-mizarska-delavnica\/"]}]},{"@type":"ImageObject","inLanguage":"de","@id":"https:\/\/senik.si\/izdelek\/timska-mizarska-delavnica\/#primaryimage","url":"https:\/\/senik.si\/wp-content\/uploads\/7-4.webp","contentUrl":"https:\/\/senik.si\/wp-content\/uploads\/7-4.webp","width":900,"height":900},{"@type":"BreadcrumbList","@id":"https:\/\/senik.si\/izdelek\/timska-mizarska-delavnica\/#breadcrumb","itemListElement":[{"@type":"ListItem","position":1,"name":"Home","item":"https:\/\/senik.si\/"},{"@type":"ListItem","position":2,"name":"TRGOVINA","item":"https:\/\/senik.si\/trgovina\/"},{"@type":"ListItem","position":3,"name":"Timska mizarska delavnica za kolektive"}]},{"@type":"WebSite","@id":"https:\/\/senik.si\/#website","url":"https:\/\/senik.si\/","name":"SENIK","description":"Eleganca in toplina narave \u2013 ustvarjamo prostore z du\u0161o","publisher":{"@id":"https:\/\/senik.si\/#organization"},"potentialAction":[{"@type":"SearchAction","target":{"@type":"EntryPoint","urlTemplate":"https:\/\/senik.si\/?s={search_term_string}"},"query-input":{"@type":"PropertyValueSpecification","valueRequired":true,"valueName":"search_term_string"}}],"inLanguage":"de"},{"@type":"Organization","@id":"https:\/\/senik.si\/#organization","name":"SENIK","url":"https:\/\/senik.si\/","logo":{"@type":"ImageObject","inLanguage":"de","@id":"https:\/\/senik.si\/#\/schema\/logo\/image\/","url":"https:\/\/senik.si\/wp-content\/uploads\/senik-logo-black.svg","contentUrl":"https:\/\/senik.si\/wp-content\/uploads\/senik-logo-black.svg","caption":"SENIK"},"image":{"@id":"https:\/\/senik.si\/#\/schema\/logo\/image\/"}}]}},"_links":{"self":[{"href":"https:\/\/senik.si\/de\/wp-json\/wp\/v2\/product\/1781","targetHints":{"allow":["GET"]}}],"collection":[{"href":"https:\/\/senik.si\/de\/wp-json\/wp\/v2\/product"}],"about":[{"href":"https:\/\/senik.si\/de\/wp-json\/wp\/v2\/types\/product"}],"wp:featuredmedia":[{"embeddable":true,"href":"https:\/\/senik.si\/de\/wp-json\/wp\/v2\/media\/5078"}],"wp:attachment":[{"href":"https:\/\/senik.si\/de\/wp-json\/wp\/v2\/media?parent=1781"}],"wp:term":[{"taxonomy":"product_brand","embeddable":true,"href":"https:\/\/senik.si\/de\/wp-json\/wp\/v2\/product_brand?post=1781"},{"taxonomy":"product_cat","embeddable":true,"href":"https:\/\/senik.si\/de\/wp-json\/wp\/v2\/product_cat?post=1781"},{"taxonomy":"product_tag","embeddable":true,"href":"https:\/\/senik.si\/de\/wp-json\/wp\/v2\/product_tag?post=1781"}],"curies":[{"name":"wp","href":"https:\/\/api.w.org\/{rel}","templated":true}]}}