{"id":1777,"date":"2025-11-25T20:53:13","date_gmt":"2025-11-25T19:53:13","guid":{"rendered":"https:\/\/senik.si\/?post_type=product&#038;p=1777"},"modified":"2026-03-31T20:12:59","modified_gmt":"2026-03-31T18:12:59","slug":"mizar-za-en-dan","status":"publish","type":"product","link":"https:\/\/senik.si\/de\/produkt\/mizar-za-en-dan\/","title":{"rendered":"Mizarska delavnica: Mizar za en dan"},"content":{"rendered":"<div>\n<p><span lang=\"SL\">V <strong>mizarsk<\/strong><b>i delavnici \u00bbMizar za en dan\u00ab<\/b>, ki poteka v okviru <b>Centra znanja Senik<\/b>, boste do\u017eiveli edinstveno <b>rokodelsko izku\u0161njo<\/b>, kjer se <b>tradicija ro\u010dnega dela<\/b> sre\u010da s <b>sodobnim oblikovanjem in tehnologijo<\/b>.<br \/>\nSkupaj z na\u0161im mojstrom boste pre\u017eiveli dan ustvarjanja \u2013 od izbire surovega kosa <b>masivnega lesa<\/b>do izdelave <b>unikatnega kon\u010dnega izdelka<\/b>, ki bo nosil va\u0161 osebni pe\u010dat.<\/span><\/p>\n<\/div>\n<div>\n<p><span lang=\"SL\">Med delavnico boste spoznali <b>rokodelske tehnike obdelave lesa<\/b> \u2013 <b>rezanje, bru\u0161enje, sestavljanje, oljenje in zaklju\u010dna obdelava<\/b>, pri \u010demer boste v vsak korak vklju\u010deni sami.<br \/>\nKer pri Seniku zdru\u017eujemo <b>buti\u010dno mizarstvo, CNC tehnologijo in lasersko graviranje<\/b>, bo va\u0161 izdelek resni\u010dno va\u0161 \u2013 z mo\u017enostjo <b>personalizacije z unikatnim vzorcem ali napisom<\/b>.<\/span><\/p>\n<\/div>\n<div>\n<p><span lang=\"SL\">Program je namenjen vsem, ki \u017eelite <b>do\u017eiveti pristno ustvarjalnost in stik z naravnim materialom<\/b>. V okolju, kjer se <b>znanje in ve\u0161\u010dine prena\u0161ajo iz rok v roke<\/b>, boste za en dan postali <b>mizar, ustvarjalec in oblikovalec svojega izdelka<\/b>.<\/span><\/p>\n<\/div>\n<div><b><span lang=\"SL\">Delavnica \u201cMizar za en dan\u201d<\/span><\/b><span lang=\"SL\">\u00a0je ve\u010d kot u\u010denje \u2013 je <b>izku\u0161nja ustvarjanja, trajnosti in spo\u0161tovanja do lesa<\/b>, ki vas pove\u017ee z mojstrstvom ro\u010dnega dela.<\/span><\/div>","protected":false},"excerpt":{"rendered":"<div><span lang=\"SL\">V <b>lesarski delavnici \u00bbMizar za en dan\u00ab<\/b>, ki poteka v okviru <b>Centra znanja Senik<\/b>, boste do\u017eiveli edinstveno <b>rokodelsko izku\u0161njo<\/b>, kjer se <b>tradicija ro\u010dnega dela<\/b> sre\u010da s <b>sodobnim oblikovanjem in tehnologijo<\/b>. Skupaj z na\u0161im mojstrom boste pre\u017eiveli dan ustvarjanja \u2013 od izbire surovega kosa <b>masivnega lesa<\/b> do izdelave <b>unikatnega kon\u010dnega izdelka<\/b>, ki bo nosil va\u0161 osebni pe\u010dat.<\/span><\/div>","protected":false},"featured_media":5075,"template":"","meta":{"site-sidebar-layout":"default","site-content-layout":"","ast-site-content-layout":"default","site-content-style":"default","site-sidebar-style":"default","ast-global-header-display":"","ast-banner-title-visibility":"","ast-main-header-display":"","ast-hfb-above-header-display":"","ast-hfb-below-header-display":"","ast-hfb-mobile-header-display":"","site-post-title":"","ast-breadcrumbs-content":"","ast-featured-img":"","footer-sml-layout":"","ast-disable-related-posts":"","theme-transparent-header-meta":"default","adv-header-id-meta":"","stick-header-meta":"default","header-above-stick-meta":"","header-main-stick-meta":"","header-below-stick-meta":"","astra-migrate-meta-layouts":"set","ast-page-background-enabled":"default","ast-page-background-meta":{"desktop":{"background-color":"var(--ast-global-color-4)","background-image":"","background-repeat":"repeat","background-position":"center center","background-size":"auto","background-attachment":"scroll","background-type":"","background-media":"","overlay-type":"","overlay-color":"","overlay-opacity":"","overlay-gradient":""},"tablet":{"background-color":"","background-image":"","background-repeat":"repeat","background-position":"center center","background-size":"auto","background-attachment":"scroll","background-type":"","background-media":"","overlay-type":"","overlay-color":"","overlay-opacity":"","overlay-gradient":""},"mobile":{"background-color":"","background-image":"","background-repeat":"repeat","background-position":"center center","background-size":"auto","background-attachment":"scroll","background-type":"","background-media":"","overlay-type":"","overlay-color":"","overlay-opacity":"","overlay-gradient":""}},"ast-content-background-meta":{"desktop":{"background-color":"var(--ast-global-color-5)","background-image":"","background-repeat":"repeat","background-position":"center center","background-size":"auto","background-attachment":"scroll","background-type":"","background-media":"","overlay-type":"","overlay-color":"","overlay-opacity":"","overlay-gradient":""},"tablet":{"background-color":"var(--ast-global-color-5)","background-image":"","background-repeat":"repeat","background-position":"center center","background-size":"auto","background-attachment":"scroll","background-type":"","background-media":"","overlay-type":"","overlay-color":"","overlay-opacity":"","overlay-gradient":""},"mobile":{"background-color":"var(--ast-global-color-5)","background-image":"","background-repeat":"repeat","background-position":"center center","background-size":"auto","background-attachment":"scroll","background-type":"","background-media":"","overlay-type":"","overlay-color":"","overlay-opacity":"","overlay-gradient":""}}},"product_brand":[],"product_cat":[35,45,40],"product_tag":[],"class_list":{"0":"post-1777","1":"product","2":"type-product","3":"status-publish","4":"has-post-thumbnail","6":"product_cat-center-znanja","7":"product_cat-dozivljajski-programi","8":"product_cat-rokodelske-delavnice","9":"desktop-align-left","10":"tablet-align-left","11":"mobile-align-left","12":"ast-product-gallery-layout-vertical-slider","13":"ast-product-gallery-with-no-image","14":"ast-product-single-variable","15":"ast-product-tabs-layout-horizontal","16":"ast-qv-on-image","18":"first","19":"instock","20":"shipping-taxable","21":"purchasable","22":"product-type-variable"},"yoast_head":"<!-- This site is optimized with the Yoast SEO plugin v27.4 - https:\/\/yoast.com\/product\/yoast-seo-wordpress\/ -->\n<title>Mizarska delavnica: Mizar za en dan - SENIK<\/title>\n<meta name=\"description\" content=\"Do\u017eivite lesarsko delavnico \u00bbMizar za en dan\u00ab v Centru znanja Senik. Iz surovega lesa ustvarite svoj izdelek in spoznajte svet buti\u010dnega mizarstva.\" \/>\n<meta name=\"robots\" content=\"index, follow, max-snippet:-1, max-image-preview:large, max-video-preview:-1\" \/>\n<link rel=\"canonical\" href=\"https:\/\/senik.si\/de\/produkt\/mizar-za-en-dan\/\" \/>\n<meta property=\"og:locale\" content=\"de_DE\" \/>\n<meta property=\"og:type\" content=\"article\" \/>\n<meta property=\"og:title\" content=\"Mizarska delavnica: Mizar za en dan - SENIK\" \/>\n<meta property=\"og:description\" content=\"Do\u017eivite lesarsko delavnico \u00bbMizar za en dan\u00ab v Centru znanja Senik. Iz surovega lesa ustvarite svoj izdelek in spoznajte svet buti\u010dnega mizarstva.\" \/>\n<meta property=\"og:url\" content=\"https:\/\/senik.si\/de\/produkt\/mizar-za-en-dan\/\" \/>\n<meta property=\"og:site_name\" content=\"SENIK\" \/>\n<meta property=\"article:modified_time\" content=\"2026-03-31T18:12:59+00:00\" \/>\n<meta property=\"og:image\" content=\"https:\/\/senik.si\/wp-content\/uploads\/3-5.webp\" \/>\n\t<meta property=\"og:image:width\" content=\"900\" \/>\n\t<meta property=\"og:image:height\" content=\"900\" \/>\n\t<meta property=\"og:image:type\" content=\"image\/webp\" \/>\n<meta name=\"twitter:card\" content=\"summary_large_image\" \/>\n<meta name=\"twitter:label1\" content=\"Gesch\u00e4tzte Lesezeit\" \/>\n\t<meta name=\"twitter:data1\" content=\"2\u00a0Minuten\" \/>\n<script type=\"application\/ld+json\" class=\"yoast-schema-graph\">{\"@context\":\"https:\\\/\\\/schema.org\",\"@graph\":[{\"@type\":\"WebPage\",\"@id\":\"https:\\\/\\\/senik.si\\\/izdelek\\\/mizar-za-en-dan\\\/\",\"url\":\"https:\\\/\\\/senik.si\\\/izdelek\\\/mizar-za-en-dan\\\/\",\"name\":\"Mizarska delavnica: Mizar za en dan - SENIK\",\"isPartOf\":{\"@id\":\"https:\\\/\\\/senik.si\\\/#website\"},\"primaryImageOfPage\":{\"@id\":\"https:\\\/\\\/senik.si\\\/izdelek\\\/mizar-za-en-dan\\\/#primaryimage\"},\"image\":{\"@id\":\"https:\\\/\\\/senik.si\\\/izdelek\\\/mizar-za-en-dan\\\/#primaryimage\"},\"thumbnailUrl\":\"https:\\\/\\\/senik.si\\\/wp-content\\\/uploads\\\/3-5.webp\",\"datePublished\":\"2025-11-25T19:53:13+00:00\",\"dateModified\":\"2026-03-31T18:12:59+00:00\",\"description\":\"Do\u017eivite lesarsko delavnico \u00bbMizar za en dan\u00ab v Centru znanja Senik. Iz surovega lesa ustvarite svoj izdelek in spoznajte svet buti\u010dnega mizarstva.\",\"breadcrumb\":{\"@id\":\"https:\\\/\\\/senik.si\\\/izdelek\\\/mizar-za-en-dan\\\/#breadcrumb\"},\"inLanguage\":\"de\",\"potentialAction\":[{\"@type\":\"ReadAction\",\"target\":[\"https:\\\/\\\/senik.si\\\/izdelek\\\/mizar-za-en-dan\\\/\"]}]},{\"@type\":\"ImageObject\",\"inLanguage\":\"de\",\"@id\":\"https:\\\/\\\/senik.si\\\/izdelek\\\/mizar-za-en-dan\\\/#primaryimage\",\"url\":\"https:\\\/\\\/senik.si\\\/wp-content\\\/uploads\\\/3-5.webp\",\"contentUrl\":\"https:\\\/\\\/senik.si\\\/wp-content\\\/uploads\\\/3-5.webp\",\"width\":900,\"height\":900},{\"@type\":\"BreadcrumbList\",\"@id\":\"https:\\\/\\\/senik.si\\\/izdelek\\\/mizar-za-en-dan\\\/#breadcrumb\",\"itemListElement\":[{\"@type\":\"ListItem\",\"position\":1,\"name\":\"Home\",\"item\":\"https:\\\/\\\/senik.si\\\/\"},{\"@type\":\"ListItem\",\"position\":2,\"name\":\"TRGOVINA\",\"item\":\"https:\\\/\\\/senik.si\\\/trgovina\\\/\"},{\"@type\":\"ListItem\",\"position\":3,\"name\":\"Mizarska delavnica: Mizar za en dan\"}]},{\"@type\":\"WebSite\",\"@id\":\"https:\\\/\\\/senik.si\\\/#website\",\"url\":\"https:\\\/\\\/senik.si\\\/\",\"name\":\"SENIK\",\"description\":\"Eleganca in toplina narave \u2013 ustvarjamo prostore z du\u0161o\",\"publisher\":{\"@id\":\"https:\\\/\\\/senik.si\\\/#organization\"},\"potentialAction\":[{\"@type\":\"SearchAction\",\"target\":{\"@type\":\"EntryPoint\",\"urlTemplate\":\"https:\\\/\\\/senik.si\\\/?s={search_term_string}\"},\"query-input\":{\"@type\":\"PropertyValueSpecification\",\"valueRequired\":true,\"valueName\":\"search_term_string\"}}],\"inLanguage\":\"de\"},{\"@type\":\"Organization\",\"@id\":\"https:\\\/\\\/senik.si\\\/#organization\",\"name\":\"SENIK\",\"url\":\"https:\\\/\\\/senik.si\\\/\",\"logo\":{\"@type\":\"ImageObject\",\"inLanguage\":\"de\",\"@id\":\"https:\\\/\\\/senik.si\\\/#\\\/schema\\\/logo\\\/image\\\/\",\"url\":\"https:\\\/\\\/senik.si\\\/wp-content\\\/uploads\\\/senik-logo-black.svg\",\"contentUrl\":\"https:\\\/\\\/senik.si\\\/wp-content\\\/uploads\\\/senik-logo-black.svg\",\"caption\":\"SENIK\"},\"image\":{\"@id\":\"https:\\\/\\\/senik.si\\\/#\\\/schema\\\/logo\\\/image\\\/\"}}]}<\/script>\n<!-- \/ Yoast SEO plugin. -->","yoast_head_json":{"title":"Mizarska delavnica: Mizar za en dan - SENIK","description":"Do\u017eivite lesarsko delavnico \u00bbMizar za en dan\u00ab v Centru znanja Senik. Iz surovega lesa ustvarite svoj izdelek in spoznajte svet buti\u010dnega mizarstva.","robots":{"index":"index","follow":"follow","max-snippet":"max-snippet:-1","max-image-preview":"max-image-preview:large","max-video-preview":"max-video-preview:-1"},"canonical":"https:\/\/senik.si\/de\/produkt\/mizar-za-en-dan\/","og_locale":"de_DE","og_type":"article","og_title":"Mizarska delavnica: Mizar za en dan - SENIK","og_description":"Do\u017eivite lesarsko delavnico \u00bbMizar za en dan\u00ab v Centru znanja Senik. Iz surovega lesa ustvarite svoj izdelek in spoznajte svet buti\u010dnega mizarstva.","og_url":"https:\/\/senik.si\/de\/produkt\/mizar-za-en-dan\/","og_site_name":"SENIK","article_modified_time":"2026-03-31T18:12:59+00:00","og_image":[{"width":900,"height":900,"url":"https:\/\/senik.si\/wp-content\/uploads\/3-5.webp","type":"image\/webp"}],"twitter_card":"summary_large_image","twitter_misc":{"Gesch\u00e4tzte Lesezeit":"2\u00a0Minuten"},"schema":{"@context":"https:\/\/schema.org","@graph":[{"@type":"WebPage","@id":"https:\/\/senik.si\/izdelek\/mizar-za-en-dan\/","url":"https:\/\/senik.si\/izdelek\/mizar-za-en-dan\/","name":"Mizarska delavnica: Mizar za en dan - SENIK","isPartOf":{"@id":"https:\/\/senik.si\/#website"},"primaryImageOfPage":{"@id":"https:\/\/senik.si\/izdelek\/mizar-za-en-dan\/#primaryimage"},"image":{"@id":"https:\/\/senik.si\/izdelek\/mizar-za-en-dan\/#primaryimage"},"thumbnailUrl":"https:\/\/senik.si\/wp-content\/uploads\/3-5.webp","datePublished":"2025-11-25T19:53:13+00:00","dateModified":"2026-03-31T18:12:59+00:00","description":"Do\u017eivite lesarsko delavnico \u00bbMizar za en dan\u00ab v Centru znanja Senik. Iz surovega lesa ustvarite svoj izdelek in spoznajte svet buti\u010dnega mizarstva.","breadcrumb":{"@id":"https:\/\/senik.si\/izdelek\/mizar-za-en-dan\/#breadcrumb"},"inLanguage":"de","potentialAction":[{"@type":"ReadAction","target":["https:\/\/senik.si\/izdelek\/mizar-za-en-dan\/"]}]},{"@type":"ImageObject","inLanguage":"de","@id":"https:\/\/senik.si\/izdelek\/mizar-za-en-dan\/#primaryimage","url":"https:\/\/senik.si\/wp-content\/uploads\/3-5.webp","contentUrl":"https:\/\/senik.si\/wp-content\/uploads\/3-5.webp","width":900,"height":900},{"@type":"BreadcrumbList","@id":"https:\/\/senik.si\/izdelek\/mizar-za-en-dan\/#breadcrumb","itemListElement":[{"@type":"ListItem","position":1,"name":"Home","item":"https:\/\/senik.si\/"},{"@type":"ListItem","position":2,"name":"TRGOVINA","item":"https:\/\/senik.si\/trgovina\/"},{"@type":"ListItem","position":3,"name":"Mizarska delavnica: Mizar za en dan"}]},{"@type":"WebSite","@id":"https:\/\/senik.si\/#website","url":"https:\/\/senik.si\/","name":"SENIK","description":"Eleganca in toplina narave \u2013 ustvarjamo prostore z du\u0161o","publisher":{"@id":"https:\/\/senik.si\/#organization"},"potentialAction":[{"@type":"SearchAction","target":{"@type":"EntryPoint","urlTemplate":"https:\/\/senik.si\/?s={search_term_string}"},"query-input":{"@type":"PropertyValueSpecification","valueRequired":true,"valueName":"search_term_string"}}],"inLanguage":"de"},{"@type":"Organization","@id":"https:\/\/senik.si\/#organization","name":"SENIK","url":"https:\/\/senik.si\/","logo":{"@type":"ImageObject","inLanguage":"de","@id":"https:\/\/senik.si\/#\/schema\/logo\/image\/","url":"https:\/\/senik.si\/wp-content\/uploads\/senik-logo-black.svg","contentUrl":"https:\/\/senik.si\/wp-content\/uploads\/senik-logo-black.svg","caption":"SENIK"},"image":{"@id":"https:\/\/senik.si\/#\/schema\/logo\/image\/"}}]}},"_links":{"self":[{"href":"https:\/\/senik.si\/de\/wp-json\/wp\/v2\/product\/1777","targetHints":{"allow":["GET"]}}],"collection":[{"href":"https:\/\/senik.si\/de\/wp-json\/wp\/v2\/product"}],"about":[{"href":"https:\/\/senik.si\/de\/wp-json\/wp\/v2\/types\/product"}],"wp:featuredmedia":[{"embeddable":true,"href":"https:\/\/senik.si\/de\/wp-json\/wp\/v2\/media\/5075"}],"wp:attachment":[{"href":"https:\/\/senik.si\/de\/wp-json\/wp\/v2\/media?parent=1777"}],"wp:term":[{"taxonomy":"product_brand","embeddable":true,"href":"https:\/\/senik.si\/de\/wp-json\/wp\/v2\/product_brand?post=1777"},{"taxonomy":"product_cat","embeddable":true,"href":"https:\/\/senik.si\/de\/wp-json\/wp\/v2\/product_cat?post=1777"},{"taxonomy":"product_tag","embeddable":true,"href":"https:\/\/senik.si\/de\/wp-json\/wp\/v2\/product_tag?post=1777"}],"curies":[{"name":"wp","href":"https:\/\/api.w.org\/{rel}","templated":true}]}}